{"id":43,"date":"2024-10-24T16:14:43","date_gmt":"2024-10-24T16:14:43","guid":{"rendered":"https:\/\/chezputters.ca\/?page_id=43"},"modified":"2025-10-27T21:35:14","modified_gmt":"2025-10-27T21:35:14","slug":"breuvages","status":"publish","type":"page","link":"https:\/\/chezputters.ca\/en\/breuvages\/","title":{"rendered":"Beverages"},"content":{"rendered":"<h3 class=\"wp-block-heading\">Beer on tap<\/h3>\n\n\n\n<h4 class=\"wp-block-heading\" style=\"padding-top:0;padding-right:0;padding-bottom:0;padding-left:0\">Specialties<\/h4>\n\n\n\n<figure class=\"wp-block-table is-style-stripes has-small-font-size\" style=\"margin-top:0;margin-right:0;margin-bottom:0;margin-left:0;padding-top:0;padding-right:0;padding-bottom:0;padding-left:0\"><table style=\"border-style:none;border-width:0px\"><tbody><tr><td><\/td><td><strong>20oz<\/strong><\/td><td><strong>Pichet<\/strong><\/td><\/tr><tr><td>Alexander Keith IPA<\/td><td>8,48$<\/td><td>22,83$<\/td><\/tr><tr><td>Belle Mer Archibald<\/td><td>8,48$<\/td><td>22,83$<\/td><\/tr><tr><td>Bud Light<\/td><td>7,83$<\/td><td>21,30$<\/td><\/tr><tr><td>Budweiser<\/td><td>7,83$<\/td><td>21,30$<\/td><\/tr><tr><td>Chipie Archibald<\/td><td>8,48$<\/td><td>22,83$<\/td><\/tr><tr><td>Goose IPA<\/td><td>8,48$<\/td><td>22,83$<\/td><\/tr><tr><td>Jouflue Archibald<\/td><td>8,48$<\/td><td>22,83$<\/td><\/tr><tr><td>Mill Street Cobblestone Stout<\/td><td>8,48$<\/td><td>22,83$<\/td><\/tr><tr><td>Michelob Ultra<\/td><td>7,83$<\/td><td>21,30$<\/td><\/tr><\/tbody><\/table><\/figure>\n\n\n\n<div class=\"wp-block-columns is-layout-flex wp-container-core-columns-is-layout-28f84493 wp-block-columns-is-layout-flex\">\n<div class=\"wp-block-column is-layout-flow wp-block-column-is-layout-flow\" style=\"flex-basis:60%\">\n<h4 class=\"wp-block-heading\">International<\/h4>\n<\/div>\n<\/div>\n\n\n\n<figure class=\"wp-block-table is-style-stripes has-small-font-size\" style=\"margin-top:0;margin-right:0;margin-bottom:0;margin-left:0;padding-top:0;padding-right:0;padding-bottom:0;padding-left:0\"><table style=\"border-style:none;border-width:0px\"><tbody><tr><td><\/td><td><strong>20oz<\/strong><\/td><td><strong>Pichet<\/strong><\/td><\/tr><tr><td>Bud Light<\/td><td>7,83$<\/td><td>21,30$<\/td><\/tr><tr><td>Budweiser<\/td><td>7,83$<\/td><td>21,30$<\/td><\/tr><tr><td>Corona Extra<\/td><td>9,13$<\/td><td>25,55$<\/td><\/tr><tr><td>Hoegaarden<\/td><td>8,48$<\/td><td>22,83$<\/td><\/tr><tr><td>Labatt 50<\/td><td>8,48$<\/td><td>22,83$<\/td><\/tr><tr><td>Michelob Ultra<\/td><td>7,83$<\/td><td>21,30$<\/td><\/tr><tr><td>Stella Artois<\/td><td>8,48$<\/td><td>22,83$<\/td><\/tr><\/tbody><\/table><\/figure>\n\n\n\n<h3 class=\"wp-block-heading\">Bottled beer<\/h3>\n\n\n\n<figure class=\"wp-block-image size-large\"><img loading=\"lazy\" decoding=\"async\" width=\"1024\" height=\"486\" src=\"https:\/\/chezputters.ca\/wp-content\/uploads\/2024\/11\/Special-Corona-1024x486.jpg\" alt=\"\" class=\"wp-image-195\" srcset=\"https:\/\/chezputters.ca\/wp-content\/uploads\/2024\/11\/Special-Corona-1024x486.jpg 1024w, https:\/\/chezputters.ca\/wp-content\/uploads\/2024\/11\/Special-Corona-300x142.jpg 300w, https:\/\/chezputters.ca\/wp-content\/uploads\/2024\/11\/Special-Corona-768x364.jpg 768w, https:\/\/chezputters.ca\/wp-content\/uploads\/2024\/11\/Special-Corona-18x9.jpg 18w, https:\/\/chezputters.ca\/wp-content\/uploads\/2024\/11\/Special-Corona.jpg 1088w\" sizes=\"auto, (max-width: 1024px) 100vw, 1024px\" \/><figcaption class=\"wp-element-caption\">Screenshot<\/figcaption><\/figure>\n\n\n\n<h4 class=\"wp-block-heading\">International<\/h4>\n\n\n\n<figure class=\"wp-block-table is-style-stripes has-small-font-size\" style=\"margin-top:0;margin-right:0;margin-bottom:0;margin-left:0;padding-top:0;padding-right:0;padding-bottom:0;padding-left:0\"><table style=\"border-style:none;border-width:0px\"><tbody><tr><td><\/td><td><strong>330ml<\/strong><\/td><td><strong>5-pack<\/strong><\/td><\/tr><tr><td>Corona Extra<\/td><td>7,61$<\/td><td>33,99$<\/td><\/tr><tr><td>Corona sans alcool<\/td><td>7,18$<\/td><td><\/td><\/tr><tr><td>Modelo Special<\/td><td>7,61$<\/td><td>33,99$<\/td><\/tr><tr><td>Stella Artois<\/td><td>7,61$<\/td><td>22,83$<\/td><\/tr><\/tbody><\/table><\/figure>\n\n\n\n<div class=\"wp-block-columns is-layout-flex wp-container-core-columns-is-layout-28f84493 wp-block-columns-is-layout-flex\">\n<div class=\"wp-block-column is-layout-flow wp-block-column-is-layout-flow\" style=\"flex-basis:60%\">\n<h4 class=\"wp-block-heading\">Premium<\/h4>\n<\/div>\n<\/div>\n\n\n\n<figure class=\"wp-block-table is-style-stripes has-small-font-size\" style=\"margin-top:0;margin-right:0;margin-bottom:0;margin-left:0;padding-top:0;padding-right:0;padding-bottom:0;padding-left:0\"><table style=\"border-style:none;border-width:0px\"><tbody><tr><td><\/td><td><strong>341ml<\/strong><\/td><td><strong>5-Pack<\/strong><\/td><\/tr><tr><td>Bud Light<\/td><td>5,87$<\/td><td>26,99$<\/td><\/tr><tr><td>Budweiser<\/td><td>5,87$<\/td><td>26,99$<\/td><\/tr><tr><td>Budweiser Zero<\/td><td>5,87$<\/td><td>26,99$<\/td><\/tr><tr><td>Labatt Bleue<\/td><td>5,87$<\/td><td>26,99$<\/td><\/tr><tr><td>Labatt 50<\/td><td>5,87$<\/td><td>26,99$<\/td><\/tr><tr><td>Michelob Ultra<\/td><td>5,87$<\/td><td>26,99$<\/td><\/tr><\/tbody><\/table><\/figure>\n\n\n\n<h3 class=\"wp-block-heading\">Coolers<\/h3>\n\n\n\n<figure class=\"wp-block-table is-style-stripes has-small-font-size\"><table class=\"has-fixed-layout\" style=\"border-style:none;border-width:0px\"><tbody><tr><td><\/td><td>473ml<\/td><\/tr><tr><td>Smirnoff Berryblast<\/td><td>7,61$<\/td><\/tr><tr><td>Smirnoff Creamsicle<\/td><td>7,61$<\/td><\/tr><tr><td>Smirnoff Ice<\/td><td>8,26$<\/td><\/tr><tr><td>Rev Original<\/td><td>7,39$<\/td><\/tr><tr><td>White Claw Seltzer (vari\u00e9t\u00e9)<\/td><td>7,39$<\/td><\/tr><\/tbody><\/table><\/figure>\n\n\n\n<div class=\"wp-block-buttons is-horizontal is-content-justification-left is-layout-flex wp-container-core-buttons-is-layout-324fa30b wp-block-buttons-is-layout-flex\" style=\"margin-top:20px\">\n<div class=\"wp-block-button has-custom-width wp-block-button__width-25 is-style-fill nfd-wb-animate nfd-wb-fade-in-bottom nfd-delay-50\"><a class=\"wp-block-button__link has-text-color has-background has-border-color has-pontano-sans-font-family has-custom-font-size wp-element-button\" href=\"tel:8195571188\" style=\"border-color:#000000;border-width:2px;border-radius:0rem;color:#fffffd;background:radial-gradient(rgb(139,227,7) 0%,rgb(61,100,19) 100%);padding-top:0.71rem;padding-right:1rem;padding-bottom:0.71rem;padding-left:1rem;font-size:clamp(0.875rem, 0.875rem + ((1vw - 0.2rem) * 0.169), 1.01rem);font-style:normal;font-weight:600;letter-spacing:1px;line-height:1.6;text-transform:lowercase\">819 557-1188<\/a><\/div>\n\n\n\n<div class=\"wp-block-button has-custom-width wp-block-button__width-25 is-style-fill nfd-wb-animate nfd-wb-fade-in-bottom nfd-delay-50\"><a class=\"wp-block-button__link has-text-color has-background has-border-color has-pontano-sans-font-family has-custom-font-size wp-element-button\" href=\"mailto:info@chezputters.ca\" style=\"border-color:#000000;border-width:2px;border-radius:0rem;color:#fffffd;background:radial-gradient(rgb(139,227,7) 0%,rgb(61,100,19) 100%);padding-top:0.71rem;padding-right:1rem;padding-bottom:0.71rem;padding-left:1rem;font-size:clamp(0.875rem, 0.875rem + ((1vw - 0.2rem) * 0.169), 1.01rem);font-style:normal;font-weight:600;letter-spacing:1px;line-height:1.6;text-transform:lowercase\">info@chezputters.ca<\/a><\/div>\n<\/div>","protected":false},"excerpt":{"rendered":"<p>Bi\u00e8res en f\u00fbt Sp\u00e9cialit\u00e9s 20oz Pichet Alexander Keith IPA 8,48$ 22,83$ Belle Mer Archibald 8,48$ 22,83$ Bud Light 7,83$ 21,30$ Budweiser 7,83$ 21,30$ Chipie Archibald 8,48$ 22,83$ Goose IPA 8,48$ 22,83$ Jouflue Archibald 8,48$ 22,83$ Mill Street Cobblestone Stout 8,48$ 22,83$ Michelob Ultra 7,83$ 21,30$ Internationales 20oz Pichet Bud Light 7,83$ 21,30$ Budweiser 7,83$ 21,30$ [&hellip;]<\/p>\n","protected":false},"author":1,"featured_media":0,"parent":0,"menu_order":0,"comment_status":"closed","ping_status":"closed","template":"","meta":{"footnotes":""},"class_list":["post-43","page","type-page","status-publish","hentry"],"_links":{"self":[{"href":"https:\/\/chezputters.ca\/en\/wp-json\/wp\/v2\/pages\/43","targetHints":{"allow":["GET"]}}],"collection":[{"href":"https:\/\/chezputters.ca\/en\/wp-json\/wp\/v2\/pages"}],"about":[{"href":"https:\/\/chezputters.ca\/en\/wp-json\/wp\/v2\/types\/page"}],"author":[{"embeddable":true,"href":"https:\/\/chezputters.ca\/en\/wp-json\/wp\/v2\/users\/1"}],"replies":[{"embeddable":true,"href":"https:\/\/chezputters.ca\/en\/wp-json\/wp\/v2\/comments?post=43"}],"version-history":[{"count":23,"href":"https:\/\/chezputters.ca\/en\/wp-json\/wp\/v2\/pages\/43\/revisions"}],"predecessor-version":[{"id":424,"href":"https:\/\/chezputters.ca\/en\/wp-json\/wp\/v2\/pages\/43\/revisions\/424"}],"wp:attachment":[{"href":"https:\/\/chezputters.ca\/en\/wp-json\/wp\/v2\/media?parent=43"}],"curies":[{"name":"wp","href":"https:\/\/api.w.org\/{rel}","templated":true}]}}