{"id":49,"date":"2024-10-24T17:02:20","date_gmt":"2024-10-24T17:02:20","guid":{"rendered":"https:\/\/chezputters.ca\/?page_id=49"},"modified":"2025-10-27T21:34:43","modified_gmt":"2025-10-27T21:34:43","slug":"nourriture","status":"publish","type":"page","link":"https:\/\/chezputters.ca\/en\/nourriture\/","title":{"rendered":"Food"},"content":{"rendered":"<div class=\"wp-block-columns is-layout-flex wp-container-core-columns-is-layout-28f84493 wp-block-columns-is-layout-flex\">\n<div class=\"wp-block-column is-layout-flow wp-block-column-is-layout-flow\">\n<h3 class=\"wp-block-heading has-primary-color has-text-color has-link-color wp-elements-352040352e39c1658cd6f44045215a3a\">Salads<\/h3>\n\n\n\n<figure class=\"wp-block-table is-style-stripes has-small-font-size\"><table class=\"has-fixed-layout\" style=\"border-style:none;border-width:0px\"><tbody><tr><td>Ceasar<\/td><td>12,99$<\/td><\/tr><tr><td>Garden<\/td><td>10,99$ <\/td><\/tr><tr><td>Jardini\u00e8re au poulet<\/td><td>15,99$<\/td><\/tr><\/tbody><\/table><\/figure>\n<\/div>\n<\/div>\n\n\n\n<div style=\"height:10px\" aria-hidden=\"true\" class=\"wp-block-spacer\"><\/div>\n\n\n\n<h3 class=\"wp-block-heading has-primary-color has-text-color has-link-color wp-elements-7c1b74ba4a02199e6ddacd4678fed644\" style=\"margin-top:0.5em;margin-bottom:0.5em\">Appetizers<\/h3>\n\n\n\n<figure class=\"wp-block-table is-style-stripes has-small-font-size\"><table class=\"has-fixed-layout\" style=\"border-style:none;border-width:0px\"><tbody><tr><td>Ailes de poulet<\/td><td><\/td><\/tr><tr><td>\u2022 demi-livre<\/td><td>10,99$<\/td><\/tr><tr><td>\u2022 une livre<\/td><td>17,99$<\/td><\/tr><tr><td>\u2022 avec frites<\/td><td>+ 4,99$<\/td><\/tr><tr><td>\u2022 avec poutine<\/td><td>+ 5,99$<\/td><\/tr><tr><td>Cheese sticks<\/td><td>7,99$<\/td><\/tr><tr><td>Mac &amp; cheese bites<\/td><td>9,99$<\/td><\/tr><tr><td>Fried calamari<\/td><td>13,95$<\/td><\/tr><tr><td>Chips &amp; salsa<\/td><td>8,99$<\/td><\/tr><tr><td>Fried pickles<\/td><td>9,90$<\/td><\/tr><tr><td>Tempura shrimps<\/td><td>11,99$<\/td><\/tr><tr><td>Fries<\/td><td>5,99$<\/td><\/tr><tr><td>Jalape\u00f1o Poppers<\/td><td>9,99$<\/td><\/tr><tr><td>Classic nachos<\/td><td>15,99$<\/td><\/tr><tr><td> \u2022 avec b\u0153uf hach\u00e9, poulet ou viande fum\u00e9e<\/td><td>+4,99$<\/td><\/tr><tr><td>Classic poutine<\/td><td>12,95$<\/td><\/tr><tr><td>Putters Poutine<\/td><td>16,95$<\/td><\/tr><tr><td>\u2022 avec b\u0153uf hach\u00e9, poulet ou viande fum\u00e9e<\/td><td>+4,99$<\/td><\/tr><tr><td>Quesadillas (poulet ou bacon)<\/td><td>12,99$<\/td><\/tr><tr><td>Onion rings<\/td><td>7,99$<\/td><\/tr><tr><td>Tacos (2) porc effiloch\u00e9 ou poisson<\/td><td>11,99$<\/td><\/tr><tr><td>Fried zucchinis<\/td><td>8,99$<\/td><\/tr><\/tbody><\/table><\/figure>\n\n\n\n<figure class=\"wp-block-image aligncenter size-large is-resized\"><img loading=\"lazy\" decoding=\"async\" width=\"1024\" height=\"576\" src=\"https:\/\/chezputters.ca\/wp-content\/uploads\/2024\/11\/Combo-Ailes-Bud-Light-1024x576.jpg\" alt=\"\" class=\"wp-image-198\" style=\"width:1131px;height:auto\" srcset=\"https:\/\/chezputters.ca\/wp-content\/uploads\/2024\/11\/Combo-Ailes-Bud-Light-1024x576.jpg 1024w, https:\/\/chezputters.ca\/wp-content\/uploads\/2024\/11\/Combo-Ailes-Bud-Light-300x169.jpg 300w, https:\/\/chezputters.ca\/wp-content\/uploads\/2024\/11\/Combo-Ailes-Bud-Light-768x432.jpg 768w, https:\/\/chezputters.ca\/wp-content\/uploads\/2024\/11\/Combo-Ailes-Bud-Light-18x10.jpg 18w, https:\/\/chezputters.ca\/wp-content\/uploads\/2024\/11\/Combo-Ailes-Bud-Light.jpg 1128w\" sizes=\"auto, (max-width: 1024px) 100vw, 1024px\" \/><\/figure>\n\n\n\n<h6 class=\"wp-block-heading has-primary-color has-text-color has-link-color wp-elements-3b70982feb5f177d71da784283820f62\"><strong>Commandez d\u00e8s maintenant<\/strong><\/h6>\n\n\n\n<p><strong><a href=\"tel:8195571188\">819 557-1188<\/a> | <a href=\"mailto:info@chezputters.ca\">info@chezputters.ca<\/a><\/strong><\/p>\n\n\n\n<div style=\"height:20px\" aria-hidden=\"true\" class=\"wp-block-spacer\"><\/div>\n\n\n\n<div class=\"wp-block-columns is-layout-flex wp-container-core-columns-is-layout-28f84493 wp-block-columns-is-layout-flex\">\n<div class=\"wp-block-column is-layout-flow wp-block-column-is-layout-flow\" style=\"flex-basis:66.66%\">\n<h4 class=\"wp-block-heading has-primary-color has-text-color has-link-color wp-elements-fe9fbc97aabedae3ee5b3580044af9ec\" style=\"margin-top:0.5em;margin-bottom:0.5em\">Combo plates<\/h4>\n<\/div>\n<\/div>\n\n\n\n<figure class=\"wp-block-table is-style-stripes has-small-font-size\"><table class=\"has-fixed-layout\" style=\"border-style:none;border-width:0px\"><tbody><tr><td><strong>Combo 1<\/strong><br>Onion rings, cheese sticks, chicken wings, mac &amp; cheese bites, fried zucchinis, fried pickles and fries<\/td><td>35$<\/td><\/tr><tr><td><strong>Combo 2<\/strong><br>Onion rings, cheese sticks, mac &amp; cheese bites, fried zucchinis, fried pickles and fries<\/td><td>25$<\/td><\/tr><\/tbody><\/table><\/figure>\n\n\n\n<div style=\"height:10px\" aria-hidden=\"true\" class=\"wp-block-spacer\"><\/div>\n\n\n\n<h4 class=\"wp-block-heading has-primary-color has-text-color has-link-color wp-elements-a8c3847ee70ae102db56f85052604846\" style=\"margin-top:0.5em;margin-bottom:0.5em\">Main dish<\/h4>\n\n\n\n<p><strong>Servis avec frites et salade de choux<\/strong><\/p>\n\n\n\n<figure class=\"wp-block-table is-style-stripes has-small-font-size\"><table class=\"has-fixed-layout\" style=\"border-style:none;border-width:0px\"><tbody><tr><td>Chicken fingers<\/td><td>15,99$<\/td><\/tr><tr><td>Club sandwich<\/td><td>17,99$<\/td><\/tr><tr><td>Club sandwich for two<\/td><td>20,99$<\/td><\/tr><tr><td>Fish &amp; chips<\/td><td>18,99$<\/td><\/tr><tr><td>Smoked meat platter<\/td><td>16,99$<\/td><\/tr><tr><td>Pulled pork sandwich<\/td><td>16,99$<\/td><\/tr><tr><td>Chicken wrap au poulet (Ceasar, Buffalo, Club)<\/td><td>17,99$<\/td><\/tr><\/tbody><\/table><\/figure>\n\n\n\n<h6 class=\"wp-block-heading has-primary-color has-text-color has-link-color wp-elements-3b70982feb5f177d71da784283820f62\"><strong>Commandez d\u00e8s maintenant<\/strong><\/h6>\n\n\n\n<p><strong><a href=\"tel:8195571188\">819 557-1188<\/a> | <a href=\"mailto:info@chezputters.ca\">info@chezputters.ca<\/a><\/strong><\/p>\n\n\n\n<div class=\"wp-block-columns is-layout-flex wp-container-core-columns-is-layout-28f84493 wp-block-columns-is-layout-flex\">\n<div class=\"wp-block-column is-layout-flow wp-block-column-is-layout-flow\" style=\"flex-basis:66.66%\">\n<h4 class=\"wp-block-heading has-primary-color has-text-color has-link-color wp-elements-0113401b67cd26c189be82d1631120fb\">Pizza (10in)<\/h4>\n<\/div>\n<\/div>\n\n\n\n<figure class=\"wp-block-table is-style-stripes has-small-font-size\"><table class=\"has-fixed-layout\" style=\"border-style:none;border-width:0px\"><tbody><tr><td>Pepperoni bacon<\/td><td>16,99$<\/td><\/tr><tr><td>Pepperoni &amp; cheese<\/td><td>15,99$<\/td><\/tr><tr><td>Toute garnie (Pepperonis, poivrons verts, champignons)<\/td><td>16,99$<\/td><\/tr><tr><td>V\u00e9g\u00e9tarienne (Tomates, olives vertes, champignons, oignons, poivrons verts)<\/td><td>16,99$<\/td><\/tr><tr><td>Smoked meat (mushrooms, green peppers)<\/td><td>14,95$<\/td><\/tr><tr><td>Putters (Pepperoni, mushrooms, green peppers, olives and bacon)<\/td><td>14,95$<\/td><\/tr><\/tbody><\/table><\/figure>\n\n\n\n<div style=\"height:20px\" aria-hidden=\"true\" class=\"wp-block-spacer\"><\/div>\n\n\n\n<h3 class=\"wp-block-heading has-primary-color has-text-color has-link-color wp-elements-7a1b23c1d5b178cf852cb431bf891833\">Burgers<\/h3>\n\n\n\n<p class=\"has-foreground-color has-text-color has-link-color wp-elements-e6f899bdd93a2f25905de04e0e4980bb\"><strong>Served with fries and coleslaw. Poutine + $3.50<\/strong><\/p>\n\n\n\n<figure class=\"wp-block-table is-style-stripes has-small-font-size\"><table class=\"has-fixed-layout\" style=\"border-style:none;border-width:0px\"><tbody><tr><td>Classic<\/td><td>14,95$<\/td><\/tr><tr><td>Cheese<\/td><td>16,95$<\/td><\/tr><tr><td>Cheese &amp; bacon<\/td><td>18,99$<\/td><\/tr><tr><td>Poulet croustillant<\/td><td>17,99$<\/td><\/tr><tr><td>Putters (Pickles, bacon, tomaotes, lettuce, cheese, BBQ sauce)<\/td><td>19,99$<\/td><\/tr><\/tbody><\/table><\/figure>\n\n\n\n<figure class=\"wp-block-image aligncenter size-large is-resized\"><img loading=\"lazy\" decoding=\"async\" width=\"1024\" height=\"617\" src=\"https:\/\/chezputters.ca\/wp-content\/uploads\/2024\/11\/Combo-Putters-1024x617.jpg\" alt=\"\" class=\"wp-image-200\" style=\"width:1124px;height:auto\" srcset=\"https:\/\/chezputters.ca\/wp-content\/uploads\/2024\/11\/Combo-Putters-1024x617.jpg 1024w, https:\/\/chezputters.ca\/wp-content\/uploads\/2024\/11\/Combo-Putters-300x181.jpg 300w, https:\/\/chezputters.ca\/wp-content\/uploads\/2024\/11\/Combo-Putters-768x463.jpg 768w, https:\/\/chezputters.ca\/wp-content\/uploads\/2024\/11\/Combo-Putters-18x12.jpg 18w, https:\/\/chezputters.ca\/wp-content\/uploads\/2024\/11\/Combo-Putters.jpg 1088w\" sizes=\"auto, (max-width: 1024px) 100vw, 1024px\" \/><figcaption class=\"wp-element-caption\">Screenshot<\/figcaption><\/figure>\n\n\n\n<h6 class=\"wp-block-heading has-primary-color has-text-color has-link-color wp-elements-3b70982feb5f177d71da784283820f62\"><strong>Commandez d\u00e8s maintenant<\/strong><\/h6>\n\n\n\n<p><strong><a href=\"tel:8195571188\">819 557-1188<\/a> | <a href=\"mailto:info@chezputters.ca\">info@chezputters.ca<\/a><\/strong><\/p>\n\n\n\n<div style=\"height:14px\" aria-hidden=\"true\" class=\"wp-block-spacer\"><\/div>\n\n\n\n<div class=\"wp-block-columns is-layout-flex wp-container-core-columns-is-layout-28f84493 wp-block-columns-is-layout-flex\">\n<div class=\"wp-block-column is-layout-flow wp-block-column-is-layout-flow\" style=\"flex-basis:66.66%\">\n<h4 class=\"wp-block-heading has-primary-color has-text-color has-link-color wp-elements-0c18e09c74634ab69e4b0f4386fb303b\">Sandwichs &amp; hot-dogs<\/h4>\n<\/div>\n<\/div>\n\n\n\n<figure class=\"wp-block-table is-style-stripes has-small-font-size\"><table class=\"has-fixed-layout\" style=\"border-style:none;border-width:0px\"><tbody><tr><td>Big Boy (7in hot-dog)<\/td><td>6,99$<\/td><\/tr><tr><td>BLTBig Boy (hot-dog 7po)<\/td><td>6,99$<\/td><\/tr><tr><td>Smoked meat<\/td><td>6,95$<\/td><\/tr><\/tbody><\/table><\/figure>\n\n\n\n<h6 class=\"wp-block-heading has-primary-color has-text-color has-link-color wp-elements-3b70982feb5f177d71da784283820f62\"><strong>Commandez d\u00e8s maintenant<\/strong><\/h6>\n\n\n\n<p><strong><a href=\"tel:8195571188\">819 557-1188<\/a> | <a href=\"mailto:info@chezputters.ca\">info@chezputters.ca<\/a><\/strong><\/p>","protected":false},"excerpt":{"rendered":"<p>Salades C\u00e9sar 12,99$ Jardini\u00e8re 10,99$ Jardini\u00e8re au poulet 15,99$ Entr\u00e9es Ailes de poulet \u2022 demi-livre 10,99$ \u2022 une livre 17,99$ \u2022 avec frites + 4,99$ \u2022 avec poutine + 5,99$ B\u00e2tonnets de fromage 7,99$ Bouch\u00e9es mac &amp; cheese 9,99$ Calmar frit 13,95$ Chips et salsa 8,99$ Cornichons frits 9,90$ Crevettes tempura 11,99$ Frites 5,99$ Jalape\u00f1o [&hellip;]<\/p>\n","protected":false},"author":1,"featured_media":0,"parent":0,"menu_order":0,"comment_status":"closed","ping_status":"closed","template":"","meta":{"footnotes":""},"class_list":["post-49","page","type-page","status-publish","hentry"],"_links":{"self":[{"href":"https:\/\/chezputters.ca\/en\/wp-json\/wp\/v2\/pages\/49","targetHints":{"allow":["GET"]}}],"collection":[{"href":"https:\/\/chezputters.ca\/en\/wp-json\/wp\/v2\/pages"}],"about":[{"href":"https:\/\/chezputters.ca\/en\/wp-json\/wp\/v2\/types\/page"}],"author":[{"embeddable":true,"href":"https:\/\/chezputters.ca\/en\/wp-json\/wp\/v2\/users\/1"}],"replies":[{"embeddable":true,"href":"https:\/\/chezputters.ca\/en\/wp-json\/wp\/v2\/comments?post=49"}],"version-history":[{"count":46,"href":"https:\/\/chezputters.ca\/en\/wp-json\/wp\/v2\/pages\/49\/revisions"}],"predecessor-version":[{"id":423,"href":"https:\/\/chezputters.ca\/en\/wp-json\/wp\/v2\/pages\/49\/revisions\/423"}],"wp:attachment":[{"href":"https:\/\/chezputters.ca\/en\/wp-json\/wp\/v2\/media?parent=49"}],"curies":[{"name":"wp","href":"https:\/\/api.w.org\/{rel}","templated":true}]}}