{"id":53,"date":"2024-10-24T17:04:56","date_gmt":"2024-10-24T17:04:56","guid":{"rendered":"https:\/\/chezputters.ca\/?page_id=53"},"modified":"2025-09-10T22:39:13","modified_gmt":"2025-09-10T22:39:13","slug":"divertissement","status":"publish","type":"page","link":"https:\/\/chezputters.ca\/en\/divertissement\/","title":{"rendered":"Entertainment"},"content":{"rendered":"<div class=\"wp-block-group alignfull has-global-padding is-layout-constrained wp-container-core-group-is-layout-94664288 wp-block-group-is-layout-constrained\">\n<div class=\"wp-block-group alignwide has-global-padding is-layout-constrained wp-container-core-group-is-layout-dad3217d wp-block-group-is-layout-constrained\" style=\"margin-top:0;margin-bottom:0;padding-top:5px;padding-bottom:5px\">\n<div class=\"wp-block-columns is-layout-flex wp-container-core-columns-is-layout-42c14228 wp-block-columns-is-layout-flex\" style=\"padding-top:0;padding-bottom:0\">\n<div class=\"wp-block-column is-layout-flow wp-block-column-is-layout-flow\">\n<figure class=\"wp-block-image alignleft size-full\"><img loading=\"lazy\" decoding=\"async\" width=\"1200\" height=\"800\" src=\"https:\/\/chezputters.ca\/wp-content\/uploads\/2025\/07\/Musique-live_chez-putters_3985.jpg\" alt=\"\" class=\"wp-image-333\" style=\"aspect-ratio:4\/3;object-fit:cover\" srcset=\"https:\/\/chezputters.ca\/wp-content\/uploads\/2025\/07\/Musique-live_chez-putters_3985.jpg 1200w, https:\/\/chezputters.ca\/wp-content\/uploads\/2025\/07\/Musique-live_chez-putters_3985-300x200.jpg 300w, https:\/\/chezputters.ca\/wp-content\/uploads\/2025\/07\/Musique-live_chez-putters_3985-1024x683.jpg 1024w, https:\/\/chezputters.ca\/wp-content\/uploads\/2025\/07\/Musique-live_chez-putters_3985-768x512.jpg 768w, https:\/\/chezputters.ca\/wp-content\/uploads\/2025\/07\/Musique-live_chez-putters_3985-18x12.jpg 18w\" sizes=\"auto, (max-width: 1200px) 100vw, 1200px\" \/><\/figure>\n<\/div>\n\n\n\n<div class=\"wp-block-column is-vertically-aligned-top has-global-padding is-content-justification-left is-layout-constrained wp-container-core-column-is-layout-12dd3699 wp-block-column-is-layout-constrained\">\n<h3 class=\"wp-block-heading has-text-align-left has-primary-color has-text-color has-suranna-font-family\" style=\"margin-top:0rem;margin-right:0;margin-bottom:0rem;margin-left:0;font-size:clamp(24.034px, 1.502rem + ((1vw - 3.2px) * 1.247), 40px);font-style:normal;font-weight:500;letter-spacing:0px;line-height:1.1\">Live music<\/h3>\n\n\n\n<hr class=\"wp-block-separator has-alpha-channel-opacity\" style=\"margin-top:var(--wp--preset--spacing--20);margin-bottom:var(--wp--preset--spacing--20)\"\/>\n\n\n\n<p class=\"has-text-color has-link-color has-pontano-sans-font-family wp-elements-07e13661ee24ec9b3cd6c18353f45fc2\" style=\"color:#000000;margin-top:0.5em;margin-bottom:0.5em;font-size:clamp(14px, 0.875rem + ((1vw - 3.2px) * 0.313), 18px);\">Chez Putters, we don\u2019t just bring you the best in sports, we also bring you the best in live entertainment! Join us for live music nights, where local talent and up-and-coming bands take to the stage to create the perfect soundtrack to your night. Whether you\u2019re into rock, pop, country or indie, our diverse line-up has something for everyone.<\/p>\n\n\n\n<p class=\"has-foreground-color has-text-color has-link-color wp-elements-19d1cf79e7abaeee1f589dcb473d3014\" style=\"margin-top:0.5em;margin-bottom:0.5em\">Our spacious bar is the perfect place to relax with friends, grab a cold beer and enjoy great music in a lively atmosphere. Watch your favourite game on one of our big screens and keep the energy high with a live performance that will have you tapping your feet all night long.<\/p>\n\n\n\n<p><a href=\"https:\/\/chezputters.ca\/en\/galerie\/\" data-type=\"page\" data-id=\"11\">See pictures of previous shows<\/a><\/p>\n<\/div>\n<\/div>\n\n\n\n<div style=\"height:10px\" aria-hidden=\"true\" class=\"wp-block-spacer\"><\/div>\n<\/div>\n<\/div>\n\n\n\n<div class=\"wp-block-group alignfull has-global-padding is-layout-constrained wp-container-core-group-is-layout-94664288 wp-block-group-is-layout-constrained\">\n<div class=\"wp-block-group alignwide has-global-padding is-layout-constrained wp-container-core-group-is-layout-4f90df7b wp-block-group-is-layout-constrained\" style=\"margin-top:0;margin-bottom:0;padding-bottom:5px\">\n<div class=\"wp-block-columns is-layout-flex wp-container-core-columns-is-layout-92515837 wp-block-columns-is-layout-flex\">\n<div class=\"wp-block-column is-vertically-aligned-top has-global-padding is-content-justification-left is-layout-constrained wp-container-core-column-is-layout-12dd3699 wp-block-column-is-layout-constrained\">\n<h3 class=\"wp-block-heading has-text-align-left has-primary-color has-text-color has-suranna-font-family\" style=\"margin-top:0rem;margin-bottom:0rem;font-size:clamp(24.034px, 1.502rem + ((1vw - 3.2px) * 1.247), 40px);font-style:normal;font-weight:500;letter-spacing:0px;line-height:1.1\">Comedy nights<\/h3>\n\n\n\n<h4 class=\"wp-block-heading has-text-align-left\" style=\"margin-top:0.5em;margin-bottom:0.5em\">Laughter, drinks and lots of fun!<\/h4>\n\n\n\n<hr class=\"wp-block-separator has-alpha-channel-opacity\" style=\"margin-top:var(--wp--preset--spacing--20);margin-bottom:var(--wp--preset--spacing--20)\"\/>\n\n\n\n<p class=\"has-text-color has-link-color has-pontano-sans-font-family wp-elements-9fe2ec5a3f55492cef1a88c735c2c65c\" style=\"color:#000000;margin-top:0.5em;margin-bottom:0.5em;font-size:clamp(14px, 0.875rem + ((1vw - 3.2px) * 0.313), 18px);\">Looking for a night of non-stop laughs? Putters brings you live stand-up comedy nights! We welcome the best local and touring comedians to our stage for a night of jokes, wit and laughs.<\/p>\n\n\n\n<p class=\"has-foreground-color has-text-color has-link-color wp-elements-b5043e60e6798b95482bc89822c86955\" style=\"margin-top:0.5em;margin-bottom:0.5em\">Enjoy a relaxed atmosphere where you can sip on your favourite drinks, grab a bite to eat and enjoy the show with friends. Whether you\u2019re looking for a casual date night or a fun group outing, our comedy nights promise big laughs and unforgettable moments.<\/p>\n\n\n\n<p class=\"has-foreground-color has-text-color has-link-color wp-elements-cd38ccc00dc9ff717eefddf38626a9f2\" style=\"margin-top:0.5em;margin-bottom:0.5em\">Our sports bar is known for its friendly atmosphere, top-notch service and of course, the best in live sports, but our comedy nights bring a whole new level of entertainment. With regular lineups featuring rising stars and seasoned pros, there\u2019s always something to laugh about at Putters.<\/p>\n<\/div>\n\n\n\n<div class=\"wp-block-column is-layout-flow wp-block-column-is-layout-flow\" style=\"border-style:none;border-width:0px\">\n<figure class=\"wp-block-image alignleft size-full is-resized\"><img loading=\"lazy\" decoding=\"async\" width=\"1702\" height=\"1276\" src=\"https:\/\/chezputters.ca\/wp-content\/uploads\/2025\/07\/comedie_stand-up_chez-putters_gatineau-1.jpg\" alt=\"\" class=\"wp-image-339\" style=\"object-fit:cover;width:685px;height:auto\" srcset=\"https:\/\/chezputters.ca\/wp-content\/uploads\/2025\/07\/comedie_stand-up_chez-putters_gatineau-1.jpg 1702w, https:\/\/chezputters.ca\/wp-content\/uploads\/2025\/07\/comedie_stand-up_chez-putters_gatineau-1-300x225.jpg 300w, https:\/\/chezputters.ca\/wp-content\/uploads\/2025\/07\/comedie_stand-up_chez-putters_gatineau-1-1024x768.jpg 1024w, https:\/\/chezputters.ca\/wp-content\/uploads\/2025\/07\/comedie_stand-up_chez-putters_gatineau-1-768x576.jpg 768w, https:\/\/chezputters.ca\/wp-content\/uploads\/2025\/07\/comedie_stand-up_chez-putters_gatineau-1-1536x1152.jpg 1536w, https:\/\/chezputters.ca\/wp-content\/uploads\/2025\/07\/comedie_stand-up_chez-putters_gatineau-1-16x12.jpg 16w\" sizes=\"auto, (max-width: 1702px) 100vw, 1702px\" \/><\/figure>\n\n\n\n<div style=\"height:10px\" aria-hidden=\"true\" class=\"wp-block-spacer\"><\/div>\n\n\n\n<p><strong><a href=\"tel:8195571188\">819 557-1188<\/a> | <a href=\"mailto:info@chezputters.ca\">info@chezputters.ca<\/a><\/strong><\/p>\n<\/div>\n<\/div>\n<\/div>\n<\/div>\n\n\n\n<div style=\"height:10px\" aria-hidden=\"true\" class=\"wp-block-spacer\"><\/div>\n\n\n\n<h2 class=\"wp-block-heading has-primary-color has-text-color has-link-color wp-elements-bf981e7e12dc320f76ace3eb9190a4ad\" style=\"padding-top:0;padding-right:var(--wp--preset--spacing--30);padding-bottom:0;padding-left:var(--wp--preset--spacing--30)\">Hold&#8217;em poker et section d\u00e9di\u00e9e pour appareils de loterie vid\u00e9o &#8211; 18 ans et plus<\/h2>\n\n\n\n<div class=\"wp-block-group alignfull has-global-padding is-layout-constrained wp-container-core-group-is-layout-94664288 wp-block-group-is-layout-constrained\">\n<div class=\"wp-block-group alignwide has-global-padding is-layout-constrained wp-container-core-group-is-layout-dad3217d wp-block-group-is-layout-constrained\" style=\"margin-top:0;margin-bottom:0;padding-top:5px;padding-bottom:5px\">\n<div class=\"wp-block-columns is-layout-flex wp-container-core-columns-is-layout-92515837 wp-block-columns-is-layout-flex\">\n<div class=\"wp-block-column is-layout-flow wp-block-column-is-layout-flow\">\n<figure class=\"wp-block-image size-full\"><img loading=\"lazy\" decoding=\"async\" width=\"1200\" height=\"800\" src=\"https:\/\/chezputters.ca\/wp-content\/uploads\/2024\/10\/soirees-poker-night_chez-putters_gatineau.jpg\" alt=\"\" class=\"wp-image-104\" srcset=\"https:\/\/chezputters.ca\/wp-content\/uploads\/2024\/10\/soirees-poker-night_chez-putters_gatineau.jpg 1200w, https:\/\/chezputters.ca\/wp-content\/uploads\/2024\/10\/soirees-poker-night_chez-putters_gatineau-300x200.jpg 300w, https:\/\/chezputters.ca\/wp-content\/uploads\/2024\/10\/soirees-poker-night_chez-putters_gatineau-1024x683.jpg 1024w, https:\/\/chezputters.ca\/wp-content\/uploads\/2024\/10\/soirees-poker-night_chez-putters_gatineau-768x512.jpg 768w\" sizes=\"auto, (max-width: 1200px) 100vw, 1200px\" \/><\/figure>\n\n\n\n<div style=\"height:20px\" aria-hidden=\"true\" class=\"wp-block-spacer\"><\/div>\n\n\n\n<figure class=\"wp-block-image size-full\"><img loading=\"lazy\" decoding=\"async\" width=\"1200\" height=\"797\" src=\"https:\/\/chezputters.ca\/wp-content\/uploads\/2024\/10\/soirees-poker-night_chez-putters_gatineau_4as.jpg\" alt=\"\" class=\"wp-image-105\" srcset=\"https:\/\/chezputters.ca\/wp-content\/uploads\/2024\/10\/soirees-poker-night_chez-putters_gatineau_4as.jpg 1200w, https:\/\/chezputters.ca\/wp-content\/uploads\/2024\/10\/soirees-poker-night_chez-putters_gatineau_4as-300x199.jpg 300w, https:\/\/chezputters.ca\/wp-content\/uploads\/2024\/10\/soirees-poker-night_chez-putters_gatineau_4as-1024x680.jpg 1024w, https:\/\/chezputters.ca\/wp-content\/uploads\/2024\/10\/soirees-poker-night_chez-putters_gatineau_4as-768x510.jpg 768w\" sizes=\"auto, (max-width: 1200px) 100vw, 1200px\" \/><\/figure>\n<\/div>\n\n\n\n<div class=\"wp-block-column is-vertically-aligned-top has-global-padding is-content-justification-left is-layout-constrained wp-container-core-column-is-layout-12dd3699 wp-block-column-is-layout-constrained\">\n<h3 class=\"wp-block-heading has-text-align-left has-primary-color has-text-color has-suranna-font-family\" style=\"margin-top:0rem;margin-bottom:0rem;font-size:clamp(24.034px, 1.502rem + ((1vw - 3.2px) * 1.247), 40px);font-style:normal;font-weight:500;letter-spacing:0px;line-height:1.1\">Pur Poker League every Wednesday and Sunday at Putters<\/h3>\n\n\n\n<hr class=\"wp-block-separator has-alpha-channel-opacity\" style=\"margin-top:var(--wp--preset--spacing--20);margin-bottom:var(--wp--preset--spacing--20)\"\/>\n\n\n\n<p class=\"has-foreground-color has-text-color has-link-color wp-elements-12243089caa250ff1a755c12bde6a7bc\" style=\"margin-top:0.5em;margin-bottom:0.5em\">Looking for a midweek thrill or a weekend showdown? Head to Putters for some Hold'em poker hosted by the Pur Poker League.<\/p>\n\n\n\n<h5 class=\"wp-block-heading has-primary-color has-text-color has-link-color wp-elements-919a758f4c78b97218f8d20ff9b9d0f6\" style=\"margin-top:0.25em;margin-bottom:0.25em\">Weekly leagues<\/h5>\n\n\n\n<p style=\"margin-top:0.5em;margin-bottom:0.5em\"><strong>Wednesdays at 7pm and Sundays at 1pm + monthly tournaments<\/strong><\/p>\n\n\n\n<div class=\"wp-block-columns is-layout-flex wp-container-core-columns-is-layout-28f84493 wp-block-columns-is-layout-flex\">\n<div class=\"wp-block-column is-layout-flow wp-block-column-is-layout-flow\">\n<div class=\"wp-block-buttons is-layout-flex wp-block-buttons-is-layout-flex\">\n<div class=\"wp-block-button has-custom-width wp-block-button__width-100 is-style-fill\"><a class=\"wp-block-button__link has-text-color has-background has-border-color has-pontano-sans-font-family has-custom-font-size wp-element-button\" href=\"https:\/\/purpoker.ca\/etablissements\/chez-putters#\" style=\"border-color:#000000;border-width:2px;border-radius:0rem;color:#fffffd;background:radial-gradient(rgb(139,227,7) 0%,rgb(61,100,19) 100%);padding-top:0.71rem;padding-right:var(--wp--preset--spacing--50);padding-bottom:0.71rem;padding-left:var(--wp--preset--spacing--50);font-size:clamp(0.875rem, 0.875rem + ((1vw - 0.2rem) * 0.531), 1.3rem);font-style:normal;font-weight:600;letter-spacing:0px;line-height:1.6;text-transform:none\" target=\"_blank\" rel=\"noreferrer noopener\"><strong>Schedule<\/strong><\/a><\/div>\n<\/div>\n<\/div>\n\n\n\n<div class=\"wp-block-column is-layout-flow wp-block-column-is-layout-flow\">\n<div class=\"wp-block-buttons is-layout-flex wp-block-buttons-is-layout-flex\">\n<div class=\"wp-block-button has-custom-width wp-block-button__width-100 is-style-fill\"><a class=\"wp-block-button__link has-text-color has-background has-border-color has-pontano-sans-font-family has-custom-font-size wp-element-button\" href=\"https:\/\/purpoker.ca\/etablissements\/chez-putters\/classement\" style=\"border-color:#000000;border-width:2px;border-radius:0rem;color:#fffffd;background:radial-gradient(rgb(139,227,7) 0%,rgb(61,100,19) 100%);padding-top:0.71rem;padding-right:var(--wp--preset--spacing--50);padding-bottom:0.71rem;padding-left:var(--wp--preset--spacing--50);font-size:clamp(0.875rem, 0.875rem + ((1vw - 0.2rem) * 0.531), 1.3rem);font-style:normal;font-weight:600;letter-spacing:0px;line-height:1.6;text-transform:none\" target=\"_blank\" rel=\"noreferrer noopener\"><strong>Standings<\/strong><\/a><\/div>\n<\/div>\n<\/div>\n<\/div>\n\n\n\n<p class=\"has-foreground-color has-text-color has-link-color wp-elements-4f9af8de412533702d47cd94aebf5037\" style=\"margin-top:0.5em;margin-bottom:0.5em\">Whether you\u2019re a seasoned player or just starting out, our poker leagues offer a fun, competitive atmosphere with big stakes and even better company.<\/p>\n\n\n\n<p class=\"has-foreground-color has-text-color has-link-color wp-elements-3e4501df691e78039382781925381d1c\" style=\"margin-top:0.5em;margin-bottom:0.5em\">Put your skills to the test against other poker enthusiasts and work your way up the leaderboard for a chance at big prizes and bragging rights. Our friendly environment makes it the perfect place to enjoy a few drinks, great food and exciting poker hands.<\/p>\n\n\n\n<p><strong>819 557-1188<\/strong> | <a href=\"mailto:info@chezputters.ca\">info@chezputters.ca<\/a><\/p>\n<\/div>\n<\/div>\n<\/div>\n<\/div>\n\n\n\n<div class=\"wp-block-group alignfull has-global-padding is-layout-constrained wp-container-core-group-is-layout-94664288 wp-block-group-is-layout-constrained\">\n<div class=\"wp-block-group alignwide has-global-padding is-layout-constrained wp-container-core-group-is-layout-3e3c10fd wp-block-group-is-layout-constrained\" style=\"min-height:%;margin-top:0;margin-bottom:0;padding-bottom:100px\">\n<div class=\"wp-block-columns is-layout-flex wp-container-core-columns-is-layout-82db4e0d wp-block-columns-is-layout-flex\">\n<div class=\"wp-block-column is-vertically-aligned-top has-global-padding is-content-justification-left is-layout-constrained wp-container-core-column-is-layout-12dd3699 wp-block-column-is-layout-constrained\">\n<h3 class=\"wp-block-heading has-text-align-left has-primary-color has-text-color has-suranna-font-family\" style=\"margin-top:0rem;margin-bottom:0rem;font-size:clamp(24.034px, 1.502rem + ((1vw - 3.2px) * 1.247), 40px);font-style:normal;font-weight:500;letter-spacing:0px;line-height:1.1\">Bar et loterie vid\u00e9o (18 ans ou plus)<\/h3>\n\n\n\n<h4 class=\"wp-block-heading has-text-align-left has-foreground-color has-text-color has-link-color wp-elements-53dacaf04131cb45d9d9ece703e19ecf\">Relaxing and responsible gaming<\/h4>\n\n\n\n<p class=\"has-text-color has-link-color has-pontano-sans-font-family wp-elements-341c62aab892beeef4cb5c2b2f7b6f15\" style=\"color:#000000;margin-top:0.5em;margin-bottom:0.5em;font-size:clamp(14px, 0.875rem + ((1vw - 3.2px) * 0.313), 18px);\">Chez Putters combines a diverse selection of beers, wines, and spirits with a dedicated video lottery terminal section in a relaxed atmosphere. Enjoy your beverage of choice in our gaming area, which offers a variety of video lottery terminals.<\/p>\n\n\n\n<p style=\"text-decoration:none\"><a href=\"https:\/\/loterievideo.lotoquebec.com\/en\/home\" target=\"_blank\" rel=\"noreferrer noopener\"><strong>Learn more about Loto Qu\u00e9bec's video lottery<\/strong><\/a><\/p>\n\n\n\n<hr class=\"wp-block-separator has-alpha-channel-opacity\" style=\"margin-top:var(--wp--preset--spacing--20);margin-bottom:var(--wp--preset--spacing--20)\"\/>\n\n\n\n<p class=\"has-foreground-color has-text-color has-link-color wp-elements-57c0faa7ce285244e3147b8e391d3d85\" style=\"margin-top:0.5em;margin-bottom:0.5em\">When you are ready for a break, turn around; you are just steps away from the bar where you can watch your favourite sports while enjoying your favourite drink and a small dish from our chef. Grab a cold beer, draft or bottle, a refreshing cocktail or one of our combo bites like wings, nachos or burgers and settle in for a good time.<\/p>\n\n\n\n<h4 class=\"wp-block-heading\">Open everyday from 9am<\/h4>\n\n\n\n<p><strong>819 557-1188<\/strong> | <a href=\"mailto:info@chezputters.ca\">info@chezputters.ca<\/a><\/p>\n<\/div>\n\n\n\n<div class=\"wp-block-column is-layout-flow wp-block-column-is-layout-flow\">\n<figure class=\"wp-block-gallery has-nested-images columns-default is-cropped wp-block-gallery-1 is-layout-flex wp-block-gallery-is-layout-flex\">\n<figure class=\"wp-block-image size-full\"><img loading=\"lazy\" decoding=\"async\" width=\"960\" height=\"640\" data-id=\"245\" src=\"https:\/\/chezputters.ca\/wp-content\/uploads\/2025\/02\/Bar-et-loterie-video_4378.jpg\" alt=\"\" class=\"wp-image-245\" srcset=\"https:\/\/chezputters.ca\/wp-content\/uploads\/2025\/02\/Bar-et-loterie-video_4378.jpg 960w, https:\/\/chezputters.ca\/wp-content\/uploads\/2025\/02\/Bar-et-loterie-video_4378-300x200.jpg 300w, https:\/\/chezputters.ca\/wp-content\/uploads\/2025\/02\/Bar-et-loterie-video_4378-768x512.jpg 768w, https:\/\/chezputters.ca\/wp-content\/uploads\/2025\/02\/Bar-et-loterie-video_4378-18x12.jpg 18w\" sizes=\"auto, (max-width: 960px) 100vw, 960px\" \/><\/figure>\n<\/figure>\n\n\n\n<div style=\"height:20px\" aria-hidden=\"true\" class=\"wp-block-spacer\"><\/div>\n\n\n\n<figure class=\"wp-block-image size-full\"><img loading=\"lazy\" decoding=\"async\" width=\"1080\" height=\"720\" src=\"https:\/\/chezputters.ca\/wp-content\/uploads\/2024\/10\/night-life_chez-putters_4350.jpg\" alt=\"\" class=\"wp-image-74\" srcset=\"https:\/\/chezputters.ca\/wp-content\/uploads\/2024\/10\/night-life_chez-putters_4350.jpg 1080w, https:\/\/chezputters.ca\/wp-content\/uploads\/2024\/10\/night-life_chez-putters_4350-300x200.jpg 300w, https:\/\/chezputters.ca\/wp-content\/uploads\/2024\/10\/night-life_chez-putters_4350-1024x683.jpg 1024w, https:\/\/chezputters.ca\/wp-content\/uploads\/2024\/10\/night-life_chez-putters_4350-768x512.jpg 768w\" sizes=\"auto, (max-width: 1080px) 100vw, 1080px\" \/><\/figure>\n<\/div>\n<\/div>\n<\/div>\n<\/div>\n\n\n\n<section class=\"wp-block-cover alignfull\" style=\"margin-top:30px;padding-top:0rem;padding-bottom:0rem;min-height:430px;aspect-ratio:unset;\"><img loading=\"lazy\" decoding=\"async\" width=\"1024\" height=\"683\" class=\"wp-block-cover__image-background wp-image-92 size-large\" alt=\"\" src=\"https:\/\/chezputters.ca\/wp-content\/uploads\/2024\/10\/pitchounettes-night-life_chez-putters-1024x683.jpg\" style=\"object-position:48% 42%\" data-object-fit=\"cover\" data-object-position=\"48% 42%\" srcset=\"https:\/\/chezputters.ca\/wp-content\/uploads\/2024\/10\/pitchounettes-night-life_chez-putters-1024x683.jpg 1024w, https:\/\/chezputters.ca\/wp-content\/uploads\/2024\/10\/pitchounettes-night-life_chez-putters-300x200.jpg 300w, https:\/\/chezputters.ca\/wp-content\/uploads\/2024\/10\/pitchounettes-night-life_chez-putters-768x512.jpg 768w, https:\/\/chezputters.ca\/wp-content\/uploads\/2024\/10\/pitchounettes-night-life_chez-putters-1536x1024.jpg 1536w, https:\/\/chezputters.ca\/wp-content\/uploads\/2024\/10\/pitchounettes-night-life_chez-putters.jpg 1800w\" sizes=\"auto, (max-width: 1024px) 100vw, 1024px\" \/><span aria-hidden=\"true\" class=\"wp-block-cover__background has-background-dim-0 has-background-dim\" style=\"background-color:#edf1f2\"><\/span><div class=\"wp-block-cover__inner-container has-global-padding is-layout-constrained wp-container-core-cover-is-layout-3c69a3ab wp-block-cover-is-layout-constrained\">\n<div class=\"wp-block-group has-text-color is-layout-flow wp-block-group-is-layout-flow\" style=\"color:#fffffd;margin-top:0px;padding-top:0rem;padding-right:1rem;padding-bottom:0rem;padding-left:1rem;font-size:clamp(0.875rem, 0.875rem + ((1vw - 0.2rem) * 0.319), 1.13rem);font-style:normal;font-weight:400;line-height:1.4\">\n<div class=\"wp-block-group has-global-padding is-layout-constrained wp-container-core-group-is-layout-4383d167 wp-block-group-is-layout-constrained\">\n<h2 class=\"wp-block-heading has-text-align-center has-text-color has-background\" style=\"color:#fffffd;background-color:#691a1a87;margin-bottom:0rem;font-size:clamp(1.507rem, 1.507rem + ((1vw - 0.2rem) * 1.254), 2.51rem);font-style:normal;font-weight:400;line-height:1.2\">We provide the venue. You bring the fun!<\/h2>\n<\/div>\n<\/div>\n<\/div><\/section>","protected":false},"excerpt":{"rendered":"<p>Musique live Chez Putters, nous ne vous proposons pas seulement le meilleur du sport mais \u00e9galement le meilleur du divertissement live! Rejoignez-nous pour les soir\u00e9es musicales en direct, o\u00f9 des talents locaux et des groupes prometteurs montent sur sc\u00e8ne pour cr\u00e9er l&rsquo;a bande-son&rsquo;ambiance parfaite pour votre soir\u00e9e. Que vous aimiez le rock, la pop, la [&hellip;]<\/p>\n","protected":false},"author":1,"featured_media":0,"parent":0,"menu_order":0,"comment_status":"closed","ping_status":"closed","template":"","meta":{"footnotes":""},"class_list":["post-53","page","type-page","status-publish","hentry"],"_links":{"self":[{"href":"https:\/\/chezputters.ca\/en\/wp-json\/wp\/v2\/pages\/53","targetHints":{"allow":["GET"]}}],"collection":[{"href":"https:\/\/chezputters.ca\/en\/wp-json\/wp\/v2\/pages"}],"about":[{"href":"https:\/\/chezputters.ca\/en\/wp-json\/wp\/v2\/types\/page"}],"author":[{"embeddable":true,"href":"https:\/\/chezputters.ca\/en\/wp-json\/wp\/v2\/users\/1"}],"replies":[{"embeddable":true,"href":"https:\/\/chezputters.ca\/en\/wp-json\/wp\/v2\/comments?post=53"}],"version-history":[{"count":60,"href":"https:\/\/chezputters.ca\/en\/wp-json\/wp\/v2\/pages\/53\/revisions"}],"predecessor-version":[{"id":397,"href":"https:\/\/chezputters.ca\/en\/wp-json\/wp\/v2\/pages\/53\/revisions\/397"}],"wp:attachment":[{"href":"https:\/\/chezputters.ca\/en\/wp-json\/wp\/v2\/media?parent=53"}],"curies":[{"name":"wp","href":"https:\/\/api.w.org\/{rel}","templated":true}]}}