{"id":10,"date":"2024-10-24T16:08:06","date_gmt":"2024-10-24T16:08:06","guid":{"rendered":"https:\/\/chezputters.ca\/contact\/"},"modified":"2025-02-03T21:04:45","modified_gmt":"2025-02-03T21:04:45","slug":"contact","status":"publish","type":"page","link":"https:\/\/chezputters.ca\/fr\/contact\/","title":{"rendered":"Contact"},"content":{"rendered":"\n<div class=\"wp-block-columns is-layout-flex wp-container-core-columns-is-layout-28f84493 wp-block-columns-is-layout-flex\">\n<div class=\"wp-block-column is-layout-flow wp-block-column-is-layout-flow\">\n<h4 class=\"wp-block-heading\">Chez Putters<\/h4>\n\n\n\n<p class=\"has-foreground-color has-text-color has-link-color wp-elements-3ef621101574f4c18425324d37a2eae4\">Galeries Aylmer, entr\u00e9e Nord<br>181, rue Principale<br>Gatineau QC J9H 6A6<\/p>\n<\/div>\n\n\n\n<div class=\"wp-block-column is-layout-flow wp-block-column-is-layout-flow\">\n<h4 class=\"wp-block-heading\">Heures d&rsquo;ouverture<\/h4>\n\n\n\n<p class=\"has-foreground-color has-text-color has-link-color wp-elements-9b60b9ae183991d56cefe7218c4d796e\">Lundi et mardi &#8211; 9h \u00e0 1h du matin<br>Mercredi &#8211; 9h \u00e0 2h du matin<br>Jeudi au samedi &#8211; 9h \u00e0 3h du matin<br>Dimanche &#8211; 9h \u00e0 1h du matin<\/p>\n<\/div>\n<\/div>\n\n\n\n<div style=\"height:16px\" aria-hidden=\"true\" class=\"wp-block-spacer\"><\/div>\n\n\n\n<div class=\"wp-block-columns alignwide is-layout-flex wp-container-core-columns-is-layout-9cf8123d wp-block-columns-is-layout-flex\">\n<div class=\"wp-block-column is-layout-flow wp-block-column-is-layout-flow\">\n<h2 class=\"wp-block-heading\">R\u00e9servation pour party priv\u00e9<\/h2>\n\n\n\n<p class=\"has-foreground-color has-text-color has-link-color wp-elements-954eb8f4a35cb9047c28a83aba50f3b0\"><strong>Chez Putters met \u00e0 votre disposition gratuitement<\/strong> une salle pouvant accueillir jusqu&rsquo;\u00e0 50 personnes. Vous n&rsquo;avez qu&rsquo;\u00e0 nous contacter pour choisir votre menu de nourriture. Les consommations peuvent \u00eatre command\u00e9es sur place. <strong>Contactez-nous d\u00e8s maintenant pour r\u00e9server!<\/strong><br><strong><a href=\"tel:8195571188\">819 557-1188<\/a> | <a href=\"mailto:info@chezputters.ca\">info@chezputters.ca<\/a><\/strong><\/p>\n\n\n\n<iframe loading=\"lazy\" style=\"border: 0;\" src=\"https:\/\/www.google.com\/maps\/embed?pb=!1m16!1m12!1m3!1d8149.541748846508!2d-75.744036267358!3d45.46641619477106!2m3!1f0!2f0!3f0!3m2!1i1024!2i768!4f13.1!2m1!1schez%20putters!5e0!3m2!1sfr!2sca!4v1728497703246!5m2!1sfr!2sca\" width=\"100%\" height=\"450\" allowfullscreen=\"allowfullscreen\"><span style=\"display: inline-block; width: 0px; overflow: hidden; line-height: 0;\" data-mce-type=\"bookmark\" class=\"mce_SELRES_start\">\ufeff<\/span><\/iframe>\n<\/div>\n<\/div>\n\n\n\n<div style=\"height:26px\" aria-hidden=\"true\" class=\"wp-block-spacer\"><\/div>\n\n\n\n<div class=\"wpcf7 no-js\" id=\"wpcf7-f63-o1\" lang=\"fr-FR\" dir=\"ltr\" data-wpcf7-id=\"63\">\n<div class=\"screen-reader-response\"><p role=\"status\" aria-live=\"polite\" aria-atomic=\"true\"><\/p> <ul><\/ul><\/div>\n<form action=\"\/fr\/wp-json\/wp\/v2\/pages\/10#wpcf7-f63-o1\" method=\"post\" class=\"wpcf7-form init\" aria-label=\"Formulaire de contact\" novalidate=\"novalidate\" data-status=\"init\">\n<fieldset class=\"hidden-fields-container\"><input type=\"hidden\" name=\"_wpcf7\" value=\"63\" \/><input type=\"hidden\" name=\"_wpcf7_version\" value=\"6.1.5\" \/><input type=\"hidden\" name=\"_wpcf7_locale\" value=\"fr_FR\" \/><input type=\"hidden\" name=\"_wpcf7_unit_tag\" value=\"wpcf7-f63-o1\" \/><input type=\"hidden\" name=\"_wpcf7_container_post\" value=\"0\" \/><input type=\"hidden\" name=\"_wpcf7_posted_data_hash\" value=\"\" \/><input type=\"hidden\" name=\"_wpcf7_recaptcha_response\" value=\"\" \/>\n<\/fieldset>\n<p><label> Votre nom<br \/>\n<span class=\"wpcf7-form-control-wrap\" data-name=\"your-name\"><input size=\"40\" maxlength=\"400\" class=\"wpcf7-form-control wpcf7-text wpcf7-validates-as-required\" autocomplete=\"name\" aria-required=\"true\" aria-invalid=\"false\" value=\"\" type=\"text\" name=\"your-name\" \/><\/span> <\/label>\n<\/p>\n<p><label> Votre e-mail<br \/>\n<span class=\"wpcf7-form-control-wrap\" data-name=\"your-email\"><input size=\"40\" maxlength=\"400\" class=\"wpcf7-form-control wpcf7-email wpcf7-validates-as-required wpcf7-text wpcf7-validates-as-email\" autocomplete=\"email\" aria-required=\"true\" aria-invalid=\"false\" value=\"\" type=\"email\" name=\"your-email\" \/><\/span> <\/label>\n<\/p>\n<p><label> Objet<br \/>\n<span class=\"wpcf7-form-control-wrap\" data-name=\"your-subject\"><input size=\"40\" maxlength=\"400\" class=\"wpcf7-form-control wpcf7-text wpcf7-validates-as-required\" aria-required=\"true\" aria-invalid=\"false\" value=\"\" type=\"text\" name=\"your-subject\" \/><\/span> <\/label>\n<\/p>\n<p><label> Votre message<br \/>\n<span class=\"wpcf7-form-control-wrap\" data-name=\"your-message\"><textarea cols=\"40\" rows=\"10\" maxlength=\"2000\" class=\"wpcf7-form-control wpcf7-textarea wpcf7-validates-as-required\" aria-required=\"true\" aria-invalid=\"false\" name=\"your-message\"><\/textarea><\/span> <\/label>\n<\/p>\n<span class=\"wpcf7-form-control-wrap recaptcha\" data-name=\"recaptcha\"><span data-sitekey=\"6LdL98kqAAAAABY-e9bVCVHeItjISNde2-zrL8ni\" class=\"wpcf7-form-control wpcf7-recaptcha g-recaptcha\"><\/span>\r\n<noscript>\r\n\t<div class=\"grecaptcha-noscript\">\r\n\t\t<iframe loading=\"lazy\" src=\"https:\/\/www.recaptcha.net\/recaptcha\/api\/fallback?k=6LdL98kqAAAAABY-e9bVCVHeItjISNde2-zrL8ni\" frameborder=\"0\" scrolling=\"no\" width=\"310\" height=\"430\">\r\n\t\t<\/iframe>\r\n\t\t<textarea name=\"g-recaptcha-response\" rows=\"3\" cols=\"40\" placeholder=\"reCaptcha Response Here\">\r\n\t\t<\/textarea>\r\n\t<\/div>\r\n<\/noscript>\r\n<\/span>\n<p><input class=\"wpcf7-form-control wpcf7-submit has-spinner\" type=\"submit\" value=\"Envoyer\" \/>\n<\/p><div class=\"wpcf7-response-output\" aria-hidden=\"true\"><\/div>\n<\/form>\n<\/div>\n\n","protected":false},"excerpt":{"rendered":"<p>Chez Putters Galeries Aylmer, entr\u00e9e Nord181, rue PrincipaleGatineau QC J9H 6A6 Heures d&rsquo;ouverture Lundi et mardi &#8211; 9h \u00e0 1h du matinMercredi &#8211; 9h \u00e0 2h du matinJeudi au samedi &#8211; 9h \u00e0 3h du matinDimanche &#8211; 9h \u00e0 1h du matin R\u00e9servation pour party priv\u00e9 Chez Putters met \u00e0 votre disposition gratuitement une salle [&hellip;]<\/p>\n","protected":false},"author":1,"featured_media":0,"parent":0,"menu_order":0,"comment_status":"closed","ping_status":"closed","template":"no-title","meta":{"footnotes":""},"class_list":["post-10","page","type-page","status-publish","hentry"],"_links":{"self":[{"href":"https:\/\/chezputters.ca\/fr\/wp-json\/wp\/v2\/pages\/10","targetHints":{"allow":["GET"]}}],"collection":[{"href":"https:\/\/chezputters.ca\/fr\/wp-json\/wp\/v2\/pages"}],"about":[{"href":"https:\/\/chezputters.ca\/fr\/wp-json\/wp\/v2\/types\/page"}],"author":[{"embeddable":true,"href":"https:\/\/chezputters.ca\/fr\/wp-json\/wp\/v2\/users\/1"}],"replies":[{"embeddable":true,"href":"https:\/\/chezputters.ca\/fr\/wp-json\/wp\/v2\/comments?post=10"}],"version-history":[{"count":12,"href":"https:\/\/chezputters.ca\/fr\/wp-json\/wp\/v2\/pages\/10\/revisions"}],"predecessor-version":[{"id":320,"href":"https:\/\/chezputters.ca\/fr\/wp-json\/wp\/v2\/pages\/10\/revisions\/320"}],"wp:attachment":[{"href":"https:\/\/chezputters.ca\/fr\/wp-json\/wp\/v2\/media?parent=10"}],"curies":[{"name":"wp","href":"https:\/\/api.w.org\/{rel}","templated":true}]}}