{"id":14,"date":"2024-10-24T16:08:07","date_gmt":"2024-10-24T16:08:07","guid":{"rendered":"https:\/\/chezputters.ca\/accueil\/"},"modified":"2025-09-29T14:39:57","modified_gmt":"2025-09-29T14:39:57","slug":"accueil","status":"publish","type":"page","link":"https:\/\/chezputters.ca\/fr\/","title":{"rendered":"Accueil"},"content":{"rendered":"\n<div class=\"wp-block-cover alignfull has-parallax wp-elements-f408746cc790f7a3ea61579f70f04e76\" style=\"padding-top:17%;padding-bottom:3rem;min-height:942px;aspect-ratio:unset;\"><div role=\"img\" aria-label=\"Chez Putters - Resto-bar billard \u00e0 Gatineau\" class=\"wp-block-cover__image-background wp-image-72 has-parallax\" style=\"background-position:50% 50%;background-image:url(https:\/\/chezputters.ca\/wp-content\/uploads\/2024\/10\/resto-bar_chez-putters_gatineau.jpg)\"><\/div><span aria-hidden=\"true\" class=\"wp-block-cover__background has-background-dim-0 has-background-dim\" style=\"background-color:#5e4d4e\"><\/span><div class=\"wp-block-cover__inner-container has-global-padding is-layout-constrained wp-container-core-cover-is-layout-29287ccd wp-block-cover-is-layout-constrained\">\n<div class=\"wp-block-group alignwide is-vertical is-content-justification-left is-layout-flex wp-container-core-group-is-layout-b21d21b4 wp-block-group-is-layout-flex\" style=\"min-height:520px\">\n<div class=\"wp-block-group has-global-padding is-layout-constrained wp-container-core-group-is-layout-92ef7b19 wp-block-group-is-layout-constrained\">\n<h2 class=\"wp-block-heading has-text-align-left has-text-color\" style=\"color:#fffffd;margin-bottom:1.01rem;font-size:clamp(2.422rem, 2.422rem + ((1vw - 0.2rem) * 2.61), 4.51rem);font-style:normal;font-weight:500;line-height:1.2\">CHEZ PUTTERS<br>Bar sportif<\/h2>\n\n\n\n<p class=\"has-text-align-left has-text-color\" style=\"color:#fffffd;margin-top:var(--wp--preset--spacing--60);margin-bottom:var(--wp--preset--spacing--60);padding-top:0;padding-right:0;padding-bottom:0;padding-left:0;font-size:clamp(0.935rem, 0.935rem + ((1vw - 0.2rem) * 0.594), 1.41rem);font-style:normal;font-weight:400;line-height:1.3\">Billard | Golf | Fl\u00e9chettes | Spectacles live | Plancher de danse<\/p>\n\n\n\n<div class=\"wp-block-buttons is-layout-flex wp-block-buttons-is-layout-flex\">\n<div class=\"wp-block-button is-style-outline is-style-outline--1\"><a class=\"wp-block-button__link has-background has-medium-font-size has-custom-font-size wp-element-button\" href=\"https:\/\/chezputters.ca\/fr\/contact\/\" style=\"border-width:1px;border-radius:0px;background-color:#bd1a8d;padding-top:var(--wp--preset--spacing--30);padding-right:var(--wp--preset--spacing--30);padding-bottom:var(--wp--preset--spacing--30);padding-left:var(--wp--preset--spacing--30)\"><strong>R\u00c9SERVEZ VOTRE PARTY PRIV\u00c9 CHEZ PUTTERS<\/strong><\/a><\/div>\n\n\n\n<div class=\"wp-block-button is-style-outline is-style-outline--2\"><a class=\"wp-block-button__link has-background has-medium-font-size has-custom-font-size wp-element-button\" style=\"border-width:1px;border-radius:0px;background-color:#bd1a8d;padding-top:var(--wp--preset--spacing--30);padding-right:var(--wp--preset--spacing--30);padding-bottom:var(--wp--preset--spacing--30);padding-left:var(--wp--preset--spacing--30)\"><strong>HAPPY HOUR TOUS LES JOURS<\/strong><br>Rabais sur consommations de 16h \u00e0 19h<\/a><\/div>\n<\/div>\n<\/div>\n<\/div>\n<\/div><\/div>\n\n\n\n<section class=\"wp-block-group alignfull has-global-padding is-layout-constrained wp-container-core-group-is-layout-bbc9fea8 wp-block-group-is-layout-constrained\" style=\"margin-top:0px;padding-top:6rem;padding-right:var(--wp--preset--spacing--40);padding-bottom:4.5rem;padding-left:var(--wp--preset--spacing--40);font-size:clamp(0.875rem, 0.875rem + ((1vw - 0.2rem) * 0.319), 1.13rem);font-style:normal;font-weight:400;line-height:1.4\">\n<div class=\"wp-block-columns is-layout-flex wp-container-core-columns-is-layout-2e7296b4 wp-block-columns-is-layout-flex\" style=\"margin-bottom:0px\">\n<div class=\"wp-block-column is-vertically-aligned-center is-layout-flow wp-block-column-is-layout-flow\" style=\"padding-right:1rem;padding-left:1rem;flex-basis:50%\">\n<figure class=\"wp-block-image aligncenter size-full is-resized\"><img loading=\"lazy\" decoding=\"async\" width=\"1080\" height=\"720\" src=\"https:\/\/chezputters.ca\/wp-content\/uploads\/2024\/10\/night-life_chez-putters_4350.jpg\" alt=\"\" class=\"wp-image-74\" style=\"aspect-ratio:1.7777777777777777;object-fit:cover;width:490px;height:auto\" srcset=\"https:\/\/chezputters.ca\/wp-content\/uploads\/2024\/10\/night-life_chez-putters_4350.jpg 1080w, https:\/\/chezputters.ca\/wp-content\/uploads\/2024\/10\/night-life_chez-putters_4350-300x200.jpg 300w, https:\/\/chezputters.ca\/wp-content\/uploads\/2024\/10\/night-life_chez-putters_4350-1024x683.jpg 1024w, https:\/\/chezputters.ca\/wp-content\/uploads\/2024\/10\/night-life_chez-putters_4350-768x512.jpg 768w\" sizes=\"auto, (max-width: 1080px) 100vw, 1080px\" \/><\/figure>\n<\/div>\n\n\n\n<div class=\"wp-block-column has-global-padding is-layout-constrained wp-container-core-column-is-layout-f2f90596 wp-block-column-is-layout-constrained\" style=\"padding-top:2.01rem\">\n<div class=\"wp-block-group is-layout-flow wp-container-core-group-is-layout-5921f140 wp-block-group-is-layout-flow\" style=\"min-height:100%\">\n<h3 class=\"wp-block-heading has-text-align-left has-text-color\" style=\"color:#0061af;margin-top:0.5rem;margin-bottom:0rem;font-size:clamp(1.556rem, 1.556rem + ((1vw - 0.2rem) * 1.318), 2.61rem);font-style:normal;font-weight:500;letter-spacing:0px;line-height:1.3\">Chez Putters | Bar sportif<\/h3>\n\n\n\n<h5 class=\"wp-block-heading has-text-align-left has-text-color\" style=\"color:#010101;font-size:clamp(1.146rem, 1.146rem + ((1vw - 0.2rem) * 0.818), 1.8rem);\">L\u00e0 o\u00f9 la soir\u00e9e ne vous co\u00fbtera pas un bras!<\/h5>\n\n\n\n<p class=\"has-text-align-left has-text-color\" style=\"color:#010101;margin-top:0rem;font-size:clamp(0.875rem, 0.875rem + ((1vw - 0.2rem) * 0.169), 1.01rem);font-style:normal;font-weight:400;line-height:1.5\">D\u00e9couvrez votre nouveau repaire local, un bar dynamique o\u00f9 le jeu et le divertissement se rencontrent. Profitez de nos 6 tables de billard de qualit\u00e9, perfectionnez votre swing avec nos simulateurs de golf, testez votre pr\u00e9cision aux fl\u00e9chettes, ou pariez sur les courses de chevaux tout en tentant votre chance sur nos appareils de loterie vid\u00e9o. Que vous soyez ici pour vous d\u00e9tendre ou pour l&rsquo;adr\u00e9naline du jeu, nous avons tout ce qu&rsquo;il vous faut pour passer un excellent moment.<\/p>\n<\/div>\n<\/div>\n<\/div>\n<\/section>\n\n\n\n<div class=\"wp-block-cover alignfull is-light\" style=\"padding-top:3.51rem;padding-right:0px;padding-bottom:2.01rem;padding-left:0px\"><span aria-hidden=\"true\" class=\"wp-block-cover__background has-background-dim-100 has-background-dim\" style=\"background-color:#fff3ea\"><\/span><div class=\"wp-block-cover__inner-container is-layout-flow wp-block-cover-is-layout-flow\">\n<div class=\"wp-block-group alignfull is-layout-flow wp-block-group-is-layout-flow\" style=\"margin-top:0px;margin-bottom:0px;padding-top:0rem;padding-right:1px;padding-bottom:2.01rem;padding-left:1px\">\n<div class=\"wp-block-columns alignfull is-layout-flex wp-container-core-columns-is-layout-35290b6f wp-block-columns-is-layout-flex\" style=\"padding-top:0rem\">\n<div class=\"wp-block-column is-layout-flow wp-block-column-is-layout-flow\" style=\"padding-top:1rem;padding-right:0rem;padding-bottom:1rem;padding-left:0rem\">\n<div class=\"wp-block-cover\" style=\"padding-right:0.51rem;padding-left:0.51rem;min-height:390px;aspect-ratio:unset;\"><img loading=\"lazy\" decoding=\"async\" width=\"1200\" height=\"800\" class=\"wp-block-cover__image-background wp-image-86\" alt=\"\" src=\"https:\/\/chezputters.ca\/wp-content\/uploads\/2024\/10\/billard_pool_chez-putters_gatineau_3915.jpg\" data-object-fit=\"cover\" srcset=\"https:\/\/chezputters.ca\/wp-content\/uploads\/2024\/10\/billard_pool_chez-putters_gatineau_3915.jpg 1200w, https:\/\/chezputters.ca\/wp-content\/uploads\/2024\/10\/billard_pool_chez-putters_gatineau_3915-300x200.jpg 300w, https:\/\/chezputters.ca\/wp-content\/uploads\/2024\/10\/billard_pool_chez-putters_gatineau_3915-1024x683.jpg 1024w, https:\/\/chezputters.ca\/wp-content\/uploads\/2024\/10\/billard_pool_chez-putters_gatineau_3915-768x512.jpg 768w\" sizes=\"auto, (max-width: 1200px) 100vw, 1200px\" \/><span aria-hidden=\"true\" class=\"wp-block-cover__background has-background-dim-30 has-background-dim\" style=\"background-color:#4d5f54\"><\/span><div class=\"wp-block-cover__inner-container has-global-padding is-layout-constrained wp-container-core-cover-is-layout-1a3bd245 wp-block-cover-is-layout-constrained\">\n<h3 class=\"wp-block-heading has-text-align-center has-background-color has-text-color\" style=\"font-size:clamp(1.507rem, 1.507rem + ((1vw - 0.2rem) * 1.254), 2.51rem);\"><a href=\"https:\/\/chezputters.ca\/activites\/\">Billard<\/a><\/h3>\n<\/div><\/div>\n<\/div>\n\n\n\n<div class=\"wp-block-column is-layout-flow wp-block-column-is-layout-flow\" style=\"padding-top:1rem;padding-right:0rem;padding-bottom:1rem;padding-left:0rem\">\n<div class=\"wp-block-cover\" style=\"padding-right:0.51rem;padding-left:0.51rem;min-height:390px;aspect-ratio:unset;\"><img loading=\"lazy\" decoding=\"async\" width=\"1080\" height=\"720\" class=\"wp-block-cover__image-background wp-image-76\" alt=\"\" src=\"https:\/\/chezputters.ca\/wp-content\/uploads\/2024\/10\/musique-live-shows_chez-putters_4138.jpg\" data-object-fit=\"cover\" srcset=\"https:\/\/chezputters.ca\/wp-content\/uploads\/2024\/10\/musique-live-shows_chez-putters_4138.jpg 1080w, https:\/\/chezputters.ca\/wp-content\/uploads\/2024\/10\/musique-live-shows_chez-putters_4138-300x200.jpg 300w, https:\/\/chezputters.ca\/wp-content\/uploads\/2024\/10\/musique-live-shows_chez-putters_4138-1024x683.jpg 1024w, https:\/\/chezputters.ca\/wp-content\/uploads\/2024\/10\/musique-live-shows_chez-putters_4138-768x512.jpg 768w\" sizes=\"auto, (max-width: 1080px) 100vw, 1080px\" \/><span aria-hidden=\"true\" class=\"wp-block-cover__background has-background-dim-30 has-background-dim\" style=\"background-color:#1d615f\"><\/span><div class=\"wp-block-cover__inner-container has-global-padding is-layout-constrained wp-container-core-cover-is-layout-1a3bd245 wp-block-cover-is-layout-constrained\">\n<h3 class=\"wp-block-heading has-text-align-center has-text-color\" style=\"color:#fffffd;font-size:clamp(1.507rem, 1.507rem + ((1vw - 0.2rem) * 1.254), 2.51rem);\"><a href=\"https:\/\/chezputters.ca\/spectacles\/\" data-type=\"page\" data-id=\"53\">Musique live et <br>plancher de danse<\/a><\/h3>\n<\/div><\/div>\n<\/div>\n\n\n\n<div class=\"wp-block-column is-layout-flow wp-block-column-is-layout-flow\" style=\"padding-top:1rem;padding-right:0rem;padding-bottom:1rem;padding-left:0rem\">\n<div class=\"wp-block-cover is-light\" style=\"padding-right:0.51rem;padding-left:0.51rem;min-height:390px;aspect-ratio:unset;\"><img loading=\"lazy\" decoding=\"async\" width=\"1920\" height=\"1281\" class=\"wp-block-cover__image-background wp-image-115\" alt=\"\" src=\"https:\/\/chezputters.ca\/wp-content\/uploads\/2024\/10\/golf_chez-putters.jpg\" data-object-fit=\"cover\" srcset=\"https:\/\/chezputters.ca\/wp-content\/uploads\/2024\/10\/golf_chez-putters.jpg 1920w, https:\/\/chezputters.ca\/wp-content\/uploads\/2024\/10\/golf_chez-putters-300x200.jpg 300w, https:\/\/chezputters.ca\/wp-content\/uploads\/2024\/10\/golf_chez-putters-1024x683.jpg 1024w, https:\/\/chezputters.ca\/wp-content\/uploads\/2024\/10\/golf_chez-putters-768x512.jpg 768w, https:\/\/chezputters.ca\/wp-content\/uploads\/2024\/10\/golf_chez-putters-1536x1025.jpg 1536w\" sizes=\"auto, (max-width: 1920px) 100vw, 1920px\" \/><span aria-hidden=\"true\" class=\"wp-block-cover__background has-background-dim-30 has-background-dim\" style=\"background-color:#90a28f\"><\/span><div class=\"wp-block-cover__inner-container has-global-padding is-layout-constrained wp-container-core-cover-is-layout-1a3bd245 wp-block-cover-is-layout-constrained\">\n<h3 class=\"wp-block-heading has-text-align-center has-text-color\" style=\"color:#fffffd;font-size:clamp(1.507rem, 1.507rem + ((1vw - 0.2rem) * 1.254), 2.51rem);\"><a href=\"https:\/\/chezputters.ca\/activites\/\" data-type=\"page\" data-id=\"51\">Simulateurs de golf<\/a><\/h3>\n<\/div><\/div>\n<\/div>\n\n\n\n<div class=\"wp-block-column is-layout-flow wp-block-column-is-layout-flow\" style=\"padding-top:1rem;padding-right:0rem;padding-bottom:1rem;padding-left:0rem\">\n<div class=\"wp-block-cover\" style=\"padding-right:0.51rem;padding-left:0.51rem;min-height:390px;aspect-ratio:unset;\"><img loading=\"lazy\" decoding=\"async\" width=\"1080\" height=\"720\" class=\"wp-block-cover__image-background wp-image-88\" alt=\"\" src=\"https:\/\/chezputters.ca\/wp-content\/uploads\/2024\/10\/boissons_drinks_chez-putters_4349.jpg\" data-object-fit=\"cover\" srcset=\"https:\/\/chezputters.ca\/wp-content\/uploads\/2024\/10\/boissons_drinks_chez-putters_4349.jpg 1080w, https:\/\/chezputters.ca\/wp-content\/uploads\/2024\/10\/boissons_drinks_chez-putters_4349-300x200.jpg 300w, https:\/\/chezputters.ca\/wp-content\/uploads\/2024\/10\/boissons_drinks_chez-putters_4349-1024x683.jpg 1024w, https:\/\/chezputters.ca\/wp-content\/uploads\/2024\/10\/boissons_drinks_chez-putters_4349-768x512.jpg 768w\" sizes=\"auto, (max-width: 1080px) 100vw, 1080px\" \/><span aria-hidden=\"true\" class=\"wp-block-cover__background has-background-dim-30 has-background-dim\" style=\"background-color:#052010\"><\/span><div class=\"wp-block-cover__inner-container has-global-padding is-layout-constrained wp-container-core-cover-is-layout-1a3bd245 wp-block-cover-is-layout-constrained\">\n<h3 class=\"wp-block-heading has-text-align-center has-text-color\" style=\"color:#fffffd;font-size:clamp(1.507rem, 1.507rem + ((1vw - 0.2rem) * 1.254), 2.51rem);\"><a href=\"https:\/\/chezputters.ca\/breuvages\/\" data-type=\"page\" data-id=\"43\">Bi\u00e8res, cocktails, <br>vins et spiritueux<\/a><\/h3>\n<\/div><\/div>\n<\/div>\n<\/div>\n<\/div>\n<\/div><\/div>\n\n\n\n<section class=\"wp-block-group alignfull has-global-padding is-layout-constrained wp-container-core-group-is-layout-c209c421 wp-block-group-is-layout-constrained\" style=\"margin-top:0px;padding-top:2.51rem;padding-right:1rem;padding-bottom:5.5rem;padding-left:1rem;font-size:clamp(0.875rem, 0.875rem + ((1vw - 0.2rem) * 0.319), 1.13rem);font-style:normal;font-weight:400;line-height:1.4\">\n<div class=\"wp-block-group has-global-padding is-content-justification-center is-layout-constrained wp-container-core-group-is-layout-ec0dad30 wp-block-group-is-layout-constrained\">\n<div class=\"wp-block-group has-global-padding is-content-justification-left is-layout-constrained wp-container-core-group-is-layout-c4d06299 wp-block-group-is-layout-constrained\">\n<h2 class=\"wp-block-heading has-text-align-center has-text-color\" style=\"color:#010101;margin-top:2.01rem;margin-bottom:0rem;font-size:clamp(1.556rem, 1.556rem + ((1vw - 0.2rem) * 1.318), 2.61rem);font-style:normal;font-weight:500;line-height:1.3\">Pour les amateurs de jeu<\/h2>\n<\/div>\n\n\n\n<div class=\"wp-block-columns is-layout-flex wp-container-core-columns-is-layout-a92febb2 wp-block-columns-is-layout-flex\" style=\"margin-top:2.51rem;margin-bottom:0px\">\n<div class=\"wp-block-column has-global-padding is-layout-constrained wp-container-core-column-is-layout-d3a624d8 wp-block-column-is-layout-constrained\" style=\"padding-top:0px;padding-bottom:0px;padding-left:0rem\">\n<div class=\"wp-block-group has-text-color has-background is-vertical is-content-justification-center is-layout-flex wp-container-core-group-is-layout-e18aa4d6 wp-block-group-is-layout-flex\" style=\"color:#fffffd;background-color:#fffffd;padding-top:0px;padding-right:0px;padding-bottom:0px;padding-left:0px\">\n<figure class=\"wp-block-image size-full is-resized\"><img loading=\"lazy\" decoding=\"async\" width=\"960\" height=\"640\" src=\"https:\/\/chezputters.ca\/wp-content\/uploads\/2025\/02\/Bar-et-loterie-video_4378.jpg\" alt=\"\" class=\"wp-image-245\" style=\"width:577px;height:auto\" srcset=\"https:\/\/chezputters.ca\/wp-content\/uploads\/2025\/02\/Bar-et-loterie-video_4378.jpg 960w, https:\/\/chezputters.ca\/wp-content\/uploads\/2025\/02\/Bar-et-loterie-video_4378-300x200.jpg 300w, https:\/\/chezputters.ca\/wp-content\/uploads\/2025\/02\/Bar-et-loterie-video_4378-768x512.jpg 768w, https:\/\/chezputters.ca\/wp-content\/uploads\/2025\/02\/Bar-et-loterie-video_4378-18x12.jpg 18w\" sizes=\"auto, (max-width: 960px) 100vw, 960px\" \/><\/figure>\n\n\n\n<div class=\"wp-block-group has-global-padding is-layout-constrained wp-container-core-group-is-layout-4c9aada6 wp-block-group-is-layout-constrained\" style=\"padding-top:2.01rem;padding-right:0rem;padding-bottom:2.51rem;padding-left:0rem\">\n<p class=\"has-text-align-center has-text-color\" style=\"color:#e27013;font-size:clamp(0.875rem, 0.875rem + ((1vw - 0.2rem) * 0.044), 0.91rem);text-transform:uppercase\">Divertissement<\/p>\n\n\n\n<h4 class=\"wp-block-heading has-text-align-center has-text-color\" style=\"color:#010101;margin-top:0.51rem;font-size:clamp(0.879rem, 0.879rem + ((1vw - 0.2rem) * 0.539), 1.31rem);font-style:normal;font-weight:400\">Des appareils de loterie vid\u00e9o disponibles pour vous divertir. (18 ans et plus.)<\/h4>\n<\/div>\n<\/div>\n<\/div>\n<\/div>\n<\/div>\n<\/section>\n\n\n\n<div class=\"wp-block-cover alignfull\"><img loading=\"lazy\" decoding=\"async\" width=\"26\" height=\"10\" class=\"wp-block-cover__image-background wp-image-117\" alt=\"\" src=\"https:\/\/chezputters.ca\/wp-content\/uploads\/2024\/10\/banniere-deep-pink.png\" data-object-fit=\"cover\"\/><span aria-hidden=\"true\" class=\"wp-block-cover__background has-background-dim-0 has-background-dim\" style=\"background-color:#bd1a8d\"><\/span><div class=\"wp-block-cover__inner-container has-global-padding is-layout-constrained wp-block-cover-is-layout-constrained\">\n<section class=\"wp-block-group alignfull has-global-padding is-layout-constrained wp-container-core-group-is-layout-cfb15881 wp-block-group-is-layout-constrained\" style=\"margin-top:0px;padding-top:4.01rem;padding-right:1rem;padding-bottom:5.01rem;padding-left:1rem;font-size:clamp(0.875rem, 0.875rem + ((1vw - 0.2rem) * 0.319), 1.13rem);font-style:normal;font-weight:400;line-height:1.4\">\n<div class=\"wp-block-columns is-layout-flex wp-container-core-columns-is-layout-a86bf794 wp-block-columns-is-layout-flex\" style=\"margin-bottom:0px\">\n<div class=\"wp-block-column has-global-padding is-layout-constrained wp-container-core-column-is-layout-b4ec969c wp-block-column-is-layout-constrained\" style=\"padding-top:2.01rem\">\n<div class=\"wp-block-group has-global-padding is-layout-constrained wp-container-core-group-is-layout-dca71664 wp-block-group-is-layout-constrained\" style=\"min-height:100%\">\n<p class=\"has-text-align-center has-text-color\" style=\"color:#fffffd;margin-top:0rem;font-size:clamp(0.875rem, 0.875rem + ((1vw - 0.2rem) * 0.169), 1.01rem);font-style:normal;font-weight:400;line-height:1.5\">Chez Putters, nous visons \u00e0 vous offrir des soir\u00e9es remplies de plasir. De la musique live et des shows d&rsquo;humour, des boissons rafra\u00eechissantes, sans oublier le billard et le golf. Nous nous concentrons sur le plaisir, l&rsquo;amiti\u00e9 et une atmosph\u00e8re accueillante pour tous! <\/p>\n\n\n\n<div class=\"wp-block-group is-vertical is-content-justification-stretch is-layout-flex wp-container-core-group-is-layout-53ad70e0 wp-block-group-is-layout-flex\" style=\"margin-top:1.61rem;padding-right:0px;padding-left:0px\">\n<div class=\"wp-block-group has-global-padding is-content-justification-center is-layout-constrained wp-container-core-group-is-layout-2f0bcb29 wp-block-group-is-layout-constrained\" style=\"margin-top:0px\">\n<div class=\"wp-block-buttons is-horizontal is-content-justification-right is-layout-flex wp-container-core-buttons-is-layout-099266fd wp-block-buttons-is-layout-flex\" style=\"margin-top:0.51rem\">\n<div class=\"wp-block-button has-custom-width wp-block-button__width-100 is-style-fill\"><a class=\"wp-block-button__link has-text-color has-background has-custom-font-size wp-element-button\" style=\"border-style:none;border-width:0px;border-radius:0rem;color:#e27013;background-color:#fffffd;padding-top:0.71rem;padding-right:0.31rem;padding-bottom:0.71rem;padding-left:0.31rem;font-size:clamp(0.875rem, 0.875rem + ((1vw - 0.2rem) * 0.169), 1.01rem);font-style:normal;font-weight:600;line-height:1.5;text-transform:uppercase\">venez faire un tour!<\/a><\/div>\n<\/div>\n<\/div>\n<\/div>\n<\/div>\n<\/div>\n\n\n\n<div class=\"wp-block-column is-vertically-aligned-center is-layout-flow wp-block-column-is-layout-flow\" style=\"padding-right:1rem;padding-left:1rem;flex-basis:40%\">\n<figure class=\"wp-block-image aligncenter size-full is-resized\"><img loading=\"lazy\" decoding=\"async\" width=\"720\" height=\"1080\" src=\"https:\/\/chezputters.ca\/wp-content\/uploads\/2024\/10\/night-life_chez-putters.jpg\" alt=\"\" class=\"wp-image-91\" style=\"object-fit:cover;width:450px;height:550px\" srcset=\"https:\/\/chezputters.ca\/wp-content\/uploads\/2024\/10\/night-life_chez-putters.jpg 720w, https:\/\/chezputters.ca\/wp-content\/uploads\/2024\/10\/night-life_chez-putters-200x300.jpg 200w, https:\/\/chezputters.ca\/wp-content\/uploads\/2024\/10\/night-life_chez-putters-683x1024.jpg 683w\" sizes=\"auto, (max-width: 720px) 100vw, 720px\" \/><\/figure>\n<\/div>\n<\/div>\n<\/section>\n<\/div><\/div>\n\n\n\n<section class=\"wp-block-cover alignfull\" style=\"margin-top:0em;padding-top:1.01rem;padding-bottom:0em;min-height:430px;aspect-ratio:unset;\"><img loading=\"lazy\" decoding=\"async\" width=\"1800\" height=\"1200\" class=\"wp-block-cover__image-background wp-image-92\" alt=\"\" src=\"https:\/\/chezputters.ca\/wp-content\/uploads\/2024\/10\/pitchounettes-night-life_chez-putters.jpg\" style=\"object-position:53% 35%\" data-object-fit=\"cover\" data-object-position=\"53% 35%\" srcset=\"https:\/\/chezputters.ca\/wp-content\/uploads\/2024\/10\/pitchounettes-night-life_chez-putters.jpg 1800w, https:\/\/chezputters.ca\/wp-content\/uploads\/2024\/10\/pitchounettes-night-life_chez-putters-300x200.jpg 300w, https:\/\/chezputters.ca\/wp-content\/uploads\/2024\/10\/pitchounettes-night-life_chez-putters-1024x683.jpg 1024w, https:\/\/chezputters.ca\/wp-content\/uploads\/2024\/10\/pitchounettes-night-life_chez-putters-768x512.jpg 768w, https:\/\/chezputters.ca\/wp-content\/uploads\/2024\/10\/pitchounettes-night-life_chez-putters-1536x1024.jpg 1536w\" sizes=\"auto, (max-width: 1800px) 100vw, 1800px\" \/><span aria-hidden=\"true\" class=\"wp-block-cover__background has-background-dim-0 has-background-dim\" style=\"background-color:#edf1f2\"><\/span><div class=\"wp-block-cover__inner-container has-global-padding is-layout-constrained wp-container-core-cover-is-layout-59b9d74a wp-block-cover-is-layout-constrained\">\n<div class=\"wp-block-group has-text-color is-layout-flow wp-block-group-is-layout-flow\" style=\"color:#fffffd;margin-top:0px;padding-top:0rem;padding-right:1rem;padding-bottom:0rem;padding-left:1rem;font-size:clamp(0.875rem, 0.875rem + ((1vw - 0.2rem) * 0.319), 1.13rem);font-style:normal;font-weight:400;line-height:1.4\">\n<div class=\"wp-block-group has-global-padding is-layout-constrained wp-container-core-group-is-layout-4383d167 wp-block-group-is-layout-constrained\">\n<h2 class=\"wp-block-heading has-text-align-center has-text-color has-background\" style=\"color:#fffffd;background-color:#691a1a87;margin-bottom:0rem;font-size:clamp(1.507rem, 1.507rem + ((1vw - 0.2rem) * 1.254), 2.51rem);font-style:normal;font-weight:400;line-height:1.2\">On te fourni la place. Tu am\u00e8nes ton fun!<\/h2>\n<\/div>\n<\/div>\n<\/div><\/section>\n","protected":false},"excerpt":{"rendered":"<p>Chez Putters | Bar sportif L\u00e0 o\u00f9 la soir\u00e9e ne vous co\u00fbtera pas un bras! D\u00e9couvrez votre nouveau repaire local, un bar dynamique o\u00f9 le jeu et le divertissement se rencontrent. Profitez de nos 6 tables de billard de qualit\u00e9, perfectionnez votre swing avec nos simulateurs de golf, testez votre pr\u00e9cision aux fl\u00e9chettes, ou pariez [&hellip;]<\/p>\n","protected":false},"author":1,"featured_media":0,"parent":0,"menu_order":0,"comment_status":"closed","ping_status":"closed","template":"","meta":{"footnotes":""},"class_list":["post-14","page","type-page","status-publish","hentry"],"_links":{"self":[{"href":"https:\/\/chezputters.ca\/fr\/wp-json\/wp\/v2\/pages\/14","targetHints":{"allow":["GET"]}}],"collection":[{"href":"https:\/\/chezputters.ca\/fr\/wp-json\/wp\/v2\/pages"}],"about":[{"href":"https:\/\/chezputters.ca\/fr\/wp-json\/wp\/v2\/types\/page"}],"author":[{"embeddable":true,"href":"https:\/\/chezputters.ca\/fr\/wp-json\/wp\/v2\/users\/1"}],"replies":[{"embeddable":true,"href":"https:\/\/chezputters.ca\/fr\/wp-json\/wp\/v2\/comments?post=14"}],"version-history":[{"count":21,"href":"https:\/\/chezputters.ca\/fr\/wp-json\/wp\/v2\/pages\/14\/revisions"}],"predecessor-version":[{"id":398,"href":"https:\/\/chezputters.ca\/fr\/wp-json\/wp\/v2\/pages\/14\/revisions\/398"}],"wp:attachment":[{"href":"https:\/\/chezputters.ca\/fr\/wp-json\/wp\/v2\/media?parent=14"}],"curies":[{"name":"wp","href":"https:\/\/api.w.org\/{rel}","templated":true}]}}