{"id":49,"date":"2024-10-24T17:02:20","date_gmt":"2024-10-24T17:02:20","guid":{"rendered":"https:\/\/chezputters.ca\/?page_id=49"},"modified":"2025-10-27T21:34:43","modified_gmt":"2025-10-27T21:34:43","slug":"nourriture","status":"publish","type":"page","link":"https:\/\/chezputters.ca\/fr\/nourriture\/","title":{"rendered":"Nourriture"},"content":{"rendered":"\n<div class=\"wp-block-columns is-layout-flex wp-container-core-columns-is-layout-28f84493 wp-block-columns-is-layout-flex\">\n<div class=\"wp-block-column is-layout-flow wp-block-column-is-layout-flow\">\n<h3 class=\"wp-block-heading has-primary-color has-text-color has-link-color wp-elements-352040352e39c1658cd6f44045215a3a\">Salades<\/h3>\n\n\n\n<figure class=\"wp-block-table is-style-stripes has-small-font-size\"><table class=\"has-fixed-layout\" style=\"border-style:none;border-width:0px\"><tbody><tr><td>C\u00e9sar<\/td><td>12,99$<\/td><\/tr><tr><td>Jardini\u00e8re<\/td><td>10,99$ <\/td><\/tr><tr><td>Jardini\u00e8re au poulet<\/td><td>15,99$<\/td><\/tr><\/tbody><\/table><\/figure>\n<\/div>\n<\/div>\n\n\n\n<div style=\"height:10px\" aria-hidden=\"true\" class=\"wp-block-spacer\"><\/div>\n\n\n\n<h3 class=\"wp-block-heading has-primary-color has-text-color has-link-color wp-elements-7c1b74ba4a02199e6ddacd4678fed644\" style=\"margin-top:0.5em;margin-bottom:0.5em\">Entr\u00e9es<\/h3>\n\n\n\n<figure class=\"wp-block-table is-style-stripes has-small-font-size\"><table class=\"has-fixed-layout\" style=\"border-style:none;border-width:0px\"><tbody><tr><td>Ailes de poulet<\/td><td><\/td><\/tr><tr><td>\u2022 demi-livre<\/td><td>10,99$<\/td><\/tr><tr><td>\u2022 une livre<\/td><td>17,99$<\/td><\/tr><tr><td>\u2022 avec frites<\/td><td>+ 4,99$<\/td><\/tr><tr><td>\u2022 avec poutine<\/td><td>+ 5,99$<\/td><\/tr><tr><td>B\u00e2tonnets de fromage<\/td><td>7,99$<\/td><\/tr><tr><td>Bouch\u00e9es mac &amp; cheese<\/td><td>9,99$<\/td><\/tr><tr><td>Calmar frit<\/td><td>13,95$<\/td><\/tr><tr><td>Chips et salsa<\/td><td>8,99$<\/td><\/tr><tr><td>Cornichons frits<\/td><td>9,90$<\/td><\/tr><tr><td>Crevettes tempura<\/td><td>11,99$<\/td><\/tr><tr><td>Frites<\/td><td>5,99$<\/td><\/tr><tr><td>Jalape\u00f1o Poppers<\/td><td>9,99$<\/td><\/tr><tr><td>Nachos classiques<\/td><td>15,99$<\/td><\/tr><tr><td> \u2022 avec b\u0153uf hach\u00e9, poulet ou viande fum\u00e9e<\/td><td>+4,99$<\/td><\/tr><tr><td>Poutine classique<\/td><td>12,95$<\/td><\/tr><tr><td>Poutine Putters<\/td><td>16,95$<\/td><\/tr><tr><td>\u2022 avec b\u0153uf hach\u00e9, poulet ou viande fum\u00e9e<\/td><td>+4,99$<\/td><\/tr><tr><td>Quesadillas (poulet ou bacon)<\/td><td>12,99$<\/td><\/tr><tr><td>Rondelles d&rsquo;oignon<\/td><td>7,99$<\/td><\/tr><tr><td>Tacos (2) porc effiloch\u00e9 ou poisson<\/td><td>11,99$<\/td><\/tr><tr><td>Zucchinis frits<\/td><td>8,99$<\/td><\/tr><\/tbody><\/table><\/figure>\n\n\n\n<figure class=\"wp-block-image aligncenter size-large is-resized\"><img loading=\"lazy\" decoding=\"async\" width=\"1024\" height=\"576\" src=\"https:\/\/chezputters.ca\/wp-content\/uploads\/2024\/11\/Combo-Ailes-Bud-Light-1024x576.jpg\" alt=\"\" class=\"wp-image-198\" style=\"width:1131px;height:auto\" srcset=\"https:\/\/chezputters.ca\/wp-content\/uploads\/2024\/11\/Combo-Ailes-Bud-Light-1024x576.jpg 1024w, https:\/\/chezputters.ca\/wp-content\/uploads\/2024\/11\/Combo-Ailes-Bud-Light-300x169.jpg 300w, https:\/\/chezputters.ca\/wp-content\/uploads\/2024\/11\/Combo-Ailes-Bud-Light-768x432.jpg 768w, https:\/\/chezputters.ca\/wp-content\/uploads\/2024\/11\/Combo-Ailes-Bud-Light-18x10.jpg 18w, https:\/\/chezputters.ca\/wp-content\/uploads\/2024\/11\/Combo-Ailes-Bud-Light.jpg 1128w\" sizes=\"auto, (max-width: 1024px) 100vw, 1024px\" \/><\/figure>\n\n\n\n<h6 class=\"wp-block-heading has-primary-color has-text-color has-link-color wp-elements-3b70982feb5f177d71da784283820f62\"><strong>Commandez d\u00e8s maintenant<\/strong><\/h6>\n\n\n\n<p><strong><a href=\"tel:8195571188\">819 557-1188<\/a> | <a href=\"mailto:info@chezputters.ca\">info@chezputters.ca<\/a><\/strong><\/p>\n\n\n\n<div style=\"height:20px\" aria-hidden=\"true\" class=\"wp-block-spacer\"><\/div>\n\n\n\n<div class=\"wp-block-columns is-layout-flex wp-container-core-columns-is-layout-28f84493 wp-block-columns-is-layout-flex\">\n<div class=\"wp-block-column is-layout-flow wp-block-column-is-layout-flow\" style=\"flex-basis:66.66%\">\n<h4 class=\"wp-block-heading has-primary-color has-text-color has-link-color wp-elements-fe9fbc97aabedae3ee5b3580044af9ec\" style=\"margin-top:0.5em;margin-bottom:0.5em\">Assiettes combo<\/h4>\n<\/div>\n<\/div>\n\n\n\n<figure class=\"wp-block-table is-style-stripes has-small-font-size\"><table class=\"has-fixed-layout\" style=\"border-style:none;border-width:0px\"><tbody><tr><td><strong>Combo 1<\/strong><br>Rondelles d&rsquo;oignons, b\u00e2tonnets de fromage, ailes de poulet, bouch\u00e9es mac &amp; cheese, zucchinis frits. cornichons frits et frites<\/td><td>35$<\/td><\/tr><tr><td><strong>Combo 2<\/strong><br>Rondelles d&rsquo;oignons, b\u00e2tonnets de fromage, bouch\u00e9es mac &amp; cheese, zucchinis frits. cornichons frits et frites<\/td><td>25$<\/td><\/tr><\/tbody><\/table><\/figure>\n\n\n\n<div style=\"height:10px\" aria-hidden=\"true\" class=\"wp-block-spacer\"><\/div>\n\n\n\n<h4 class=\"wp-block-heading has-primary-color has-text-color has-link-color wp-elements-a8c3847ee70ae102db56f85052604846\" style=\"margin-top:0.5em;margin-bottom:0.5em\">Plats principaux<\/h4>\n\n\n\n<p><strong>Servis avec frites et salade de choux<\/strong><\/p>\n\n\n\n<figure class=\"wp-block-table is-style-stripes has-small-font-size\"><table class=\"has-fixed-layout\" style=\"border-style:none;border-width:0px\"><tbody><tr><td>Doigts de poulets<\/td><td>15,99$<\/td><\/tr><tr><td>Club sandwich<\/td><td>17,99$<\/td><\/tr><tr><td>Club sandwich pour deux<\/td><td>20,99$<\/td><\/tr><tr><td>Fish &amp; chips<\/td><td>18,99$<\/td><\/tr><tr><td>Plateau de viande fum\u00e9e<\/td><td>16,99$<\/td><\/tr><tr><td>Sandwich de porc effiloch\u00e9<\/td><td>16,99$<\/td><\/tr><tr><td>Wrap au poulet (C\u00e9sar, Buffalo, Club)<\/td><td>17,99$<\/td><\/tr><\/tbody><\/table><\/figure>\n\n\n\n<h6 class=\"wp-block-heading has-primary-color has-text-color has-link-color wp-elements-3b70982feb5f177d71da784283820f62\"><strong>Commandez d\u00e8s maintenant<\/strong><\/h6>\n\n\n\n<p><strong><a href=\"tel:8195571188\">819 557-1188<\/a> | <a href=\"mailto:info@chezputters.ca\">info@chezputters.ca<\/a><\/strong><\/p>\n\n\n\n<div class=\"wp-block-columns is-layout-flex wp-container-core-columns-is-layout-28f84493 wp-block-columns-is-layout-flex\">\n<div class=\"wp-block-column is-layout-flow wp-block-column-is-layout-flow\" style=\"flex-basis:66.66%\">\n<h4 class=\"wp-block-heading has-primary-color has-text-color has-link-color wp-elements-0113401b67cd26c189be82d1631120fb\">Pizzas 10po<\/h4>\n<\/div>\n<\/div>\n\n\n\n<figure class=\"wp-block-table is-style-stripes has-small-font-size\"><table class=\"has-fixed-layout\" style=\"border-style:none;border-width:0px\"><tbody><tr><td>Pepperoni bacon<\/td><td>16,99$<\/td><\/tr><tr><td>Pepperoni fromage<\/td><td>15,99$<\/td><\/tr><tr><td>Toute garnie (Pepperonis, poivrons verts, champignons)<\/td><td>16,99$<\/td><\/tr><tr><td>V\u00e9g\u00e9tarienne (Tomates, olives vertes, champignons, oignons, poivrons verts)<\/td><td>16,99$<\/td><\/tr><tr><td>Viande fum\u00e9e (champignons, poivrons verts)<\/td><td>14,95$<\/td><\/tr><tr><td>Putters (Pepperoni, champignons, poivrons, olives et bacon)<\/td><td>14,95$<\/td><\/tr><\/tbody><\/table><\/figure>\n\n\n\n<div style=\"height:20px\" aria-hidden=\"true\" class=\"wp-block-spacer\"><\/div>\n\n\n\n<h3 class=\"wp-block-heading has-primary-color has-text-color has-link-color wp-elements-7a1b23c1d5b178cf852cb431bf891833\">Burgers<\/h3>\n\n\n\n<p class=\"has-foreground-color has-text-color has-link-color wp-elements-e6f899bdd93a2f25905de04e0e4980bb\"><strong>Servis avec frites et salade de choux. Poutine +3,50$<\/strong><\/p>\n\n\n\n<figure class=\"wp-block-table is-style-stripes has-small-font-size\"><table class=\"has-fixed-layout\" style=\"border-style:none;border-width:0px\"><tbody><tr><td>Classique<\/td><td>14,95$<\/td><\/tr><tr><td>Fromage<\/td><td>16,95$<\/td><\/tr><tr><td>Fromage bacon<\/td><td>18,99$<\/td><\/tr><tr><td>Poulet croustillant<\/td><td>17,99$<\/td><\/tr><tr><td>Putters (Cornichons, bacon, tomates, laitue, fromage, sauce BBQ)<\/td><td>19,99$<\/td><\/tr><\/tbody><\/table><\/figure>\n\n\n\n<figure class=\"wp-block-image aligncenter size-large is-resized\"><img loading=\"lazy\" decoding=\"async\" width=\"1024\" height=\"617\" src=\"https:\/\/chezputters.ca\/wp-content\/uploads\/2024\/11\/Combo-Putters-1024x617.jpg\" alt=\"\" class=\"wp-image-200\" style=\"width:1124px;height:auto\" srcset=\"https:\/\/chezputters.ca\/wp-content\/uploads\/2024\/11\/Combo-Putters-1024x617.jpg 1024w, https:\/\/chezputters.ca\/wp-content\/uploads\/2024\/11\/Combo-Putters-300x181.jpg 300w, https:\/\/chezputters.ca\/wp-content\/uploads\/2024\/11\/Combo-Putters-768x463.jpg 768w, https:\/\/chezputters.ca\/wp-content\/uploads\/2024\/11\/Combo-Putters-18x12.jpg 18w, https:\/\/chezputters.ca\/wp-content\/uploads\/2024\/11\/Combo-Putters.jpg 1088w\" sizes=\"auto, (max-width: 1024px) 100vw, 1024px\" \/><figcaption class=\"wp-element-caption\">Screenshot<\/figcaption><\/figure>\n\n\n\n<h6 class=\"wp-block-heading has-primary-color has-text-color has-link-color wp-elements-3b70982feb5f177d71da784283820f62\"><strong>Commandez d\u00e8s maintenant<\/strong><\/h6>\n\n\n\n<p><strong><a href=\"tel:8195571188\">819 557-1188<\/a> | <a href=\"mailto:info@chezputters.ca\">info@chezputters.ca<\/a><\/strong><\/p>\n\n\n\n<div style=\"height:14px\" aria-hidden=\"true\" class=\"wp-block-spacer\"><\/div>\n\n\n\n<div class=\"wp-block-columns is-layout-flex wp-container-core-columns-is-layout-28f84493 wp-block-columns-is-layout-flex\">\n<div class=\"wp-block-column is-layout-flow wp-block-column-is-layout-flow\" style=\"flex-basis:66.66%\">\n<h4 class=\"wp-block-heading has-primary-color has-text-color has-link-color wp-elements-0c18e09c74634ab69e4b0f4386fb303b\">Sandwichs et hot-dogs<\/h4>\n<\/div>\n<\/div>\n\n\n\n<figure class=\"wp-block-table is-style-stripes has-small-font-size\"><table class=\"has-fixed-layout\" style=\"border-style:none;border-width:0px\"><tbody><tr><td>Big Boy (hot-dog 7po)<\/td><td>6,99$<\/td><\/tr><tr><td>BLTBig Boy (hot-dog 7po)<\/td><td>6,99$<\/td><\/tr><tr><td>Viande fum\u00e9e<\/td><td>6,95$<\/td><\/tr><\/tbody><\/table><\/figure>\n\n\n\n<h6 class=\"wp-block-heading has-primary-color has-text-color has-link-color wp-elements-3b70982feb5f177d71da784283820f62\"><strong>Commandez d\u00e8s maintenant<\/strong><\/h6>\n\n\n\n<p><strong><a href=\"tel:8195571188\">819 557-1188<\/a> | <a href=\"mailto:info@chezputters.ca\">info@chezputters.ca<\/a><\/strong><\/p>\n","protected":false},"excerpt":{"rendered":"<p>Salades C\u00e9sar 12,99$ Jardini\u00e8re 10,99$ Jardini\u00e8re au poulet 15,99$ Entr\u00e9es Ailes de poulet \u2022 demi-livre 10,99$ \u2022 une livre 17,99$ \u2022 avec frites + 4,99$ \u2022 avec poutine + 5,99$ B\u00e2tonnets de fromage 7,99$ Bouch\u00e9es mac &amp; cheese 9,99$ Calmar frit 13,95$ Chips et salsa 8,99$ Cornichons frits 9,90$ Crevettes tempura 11,99$ Frites 5,99$ Jalape\u00f1o [&hellip;]<\/p>\n","protected":false},"author":1,"featured_media":0,"parent":0,"menu_order":0,"comment_status":"closed","ping_status":"closed","template":"","meta":{"footnotes":""},"class_list":["post-49","page","type-page","status-publish","hentry"],"_links":{"self":[{"href":"https:\/\/chezputters.ca\/fr\/wp-json\/wp\/v2\/pages\/49","targetHints":{"allow":["GET"]}}],"collection":[{"href":"https:\/\/chezputters.ca\/fr\/wp-json\/wp\/v2\/pages"}],"about":[{"href":"https:\/\/chezputters.ca\/fr\/wp-json\/wp\/v2\/types\/page"}],"author":[{"embeddable":true,"href":"https:\/\/chezputters.ca\/fr\/wp-json\/wp\/v2\/users\/1"}],"replies":[{"embeddable":true,"href":"https:\/\/chezputters.ca\/fr\/wp-json\/wp\/v2\/comments?post=49"}],"version-history":[{"count":46,"href":"https:\/\/chezputters.ca\/fr\/wp-json\/wp\/v2\/pages\/49\/revisions"}],"predecessor-version":[{"id":423,"href":"https:\/\/chezputters.ca\/fr\/wp-json\/wp\/v2\/pages\/49\/revisions\/423"}],"wp:attachment":[{"href":"https:\/\/chezputters.ca\/fr\/wp-json\/wp\/v2\/media?parent=49"}],"curies":[{"name":"wp","href":"https:\/\/api.w.org\/{rel}","templated":true}]}}