{"id":51,"date":"2024-10-24T17:03:34","date_gmt":"2024-10-24T17:03:34","guid":{"rendered":"https:\/\/chezputters.ca\/?page_id=51"},"modified":"2025-07-24T15:34:53","modified_gmt":"2025-07-24T15:34:53","slug":"activites","status":"publish","type":"page","link":"https:\/\/chezputters.ca\/fr\/activites\/","title":{"rendered":"Activit\u00e9s"},"content":{"rendered":"\n<h2 class=\"wp-block-heading has-primary-color has-text-color has-link-color wp-elements-4f5425c4e8c83567691848347daa2e5f\" style=\"padding-top:0;padding-bottom:0\">6 tables de billard, 2 simulateurs de golf et 9 jeux de fl\u00e9chettes<\/h2>\n\n\n\n<div class=\"wp-block-group alignfull has-global-padding is-layout-constrained wp-container-core-group-is-layout-a940264a wp-block-group-is-layout-constrained\">\n<div class=\"wp-block-group alignwide has-global-padding is-layout-constrained wp-container-core-group-is-layout-1dd90a06 wp-block-group-is-layout-constrained\" style=\"margin-top:0;margin-bottom:0;padding-top:20px;padding-bottom:20px\">\n<div class=\"wp-block-columns is-layout-flex wp-container-core-columns-is-layout-92515837 wp-block-columns-is-layout-flex\">\n<div class=\"wp-block-column is-layout-flow wp-block-column-is-layout-flow\">\n<figure class=\"wp-block-video\"><video height=\"486\" style=\"aspect-ratio: 720 \/ 486;\" width=\"720\" autoplay controls src=\"https:\/\/chezputters.ca\/wp-content\/uploads\/2024\/10\/Survol_simulateur-golf_chez-putters.mp4\"><\/video><\/figure>\n\n\n\n<div style=\"height:10px\" aria-hidden=\"true\" class=\"wp-block-spacer\"><\/div>\n\n\n\n<figure class=\"wp-block-image size-full is-resized\"><img loading=\"lazy\" decoding=\"async\" width=\"700\" height=\"460\" src=\"https:\/\/chezputters.ca\/wp-content\/uploads\/2024\/10\/serge-simulateur-de-golf_chez-putters.jpg\" alt=\"\" class=\"wp-image-121\" style=\"width:796px;height:auto\" srcset=\"https:\/\/chezputters.ca\/wp-content\/uploads\/2024\/10\/serge-simulateur-de-golf_chez-putters.jpg 700w, https:\/\/chezputters.ca\/wp-content\/uploads\/2024\/10\/serge-simulateur-de-golf_chez-putters-300x197.jpg 300w\" sizes=\"auto, (max-width: 700px) 100vw, 700px\" \/><\/figure>\n<\/div>\n\n\n\n<div class=\"wp-block-column is-vertically-aligned-top has-global-padding is-content-justification-left is-layout-constrained wp-container-core-column-is-layout-12dd3699 wp-block-column-is-layout-constrained\">\n<h3 class=\"wp-block-heading has-text-align-left has-primary-color has-text-color has-suranna-font-family\" style=\"margin-top:0rem;margin-bottom:0;font-size:clamp(24.034px, 1.502rem + ((1vw - 3.2px) * 1.247), 40px);font-style:normal;font-weight:500;letter-spacing:0px;line-height:1.1\">Vivez l\u2019action du golf: Perfectionnez votre \u00e9lan gr\u00e2ce aux simulateurs Full Swing<\/h3>\n\n\n\n<hr class=\"wp-block-separator has-text-color has-alpha-channel-opacity has-background\" style=\"margin-top:var(--wp--preset--spacing--20);margin-bottom:var(--wp--preset--spacing--20);background-color:#16740e;color:#16740e\"\/>\n\n\n\n<p class=\"has-foreground-color has-text-color has-link-color wp-elements-9b8cf3d13009be3706f4328a67713871\" style=\"margin-top:0.5em;margin-bottom:0.5em\">Entrez dans le monde du golf virtuel avec nos simulateurs Full Swing de pointe. Que vous soyez un golfeur chevronn\u00e9 ou d\u00e9butant, c&rsquo;est le moyen id\u00e9al de profiter du jeu toute l&rsquo;ann\u00e9e, quelle que soit la m\u00e9t\u00e9o. Profitez des fairways sans jamais quitter le bar avec nos deux simulateurs Full Swing qui vous offrent une exp\u00e9rience r\u00e9aliste et immersive, avec certains des meilleurs parcours du monde et une analyse du swing en temps r\u00e9el pour am\u00e9liorer votre jeu.<\/p>\n\n\n\n<p class=\"has-foreground-color has-text-color has-link-color wp-elements-c4fb0111177a5b8ab1a19150dcd2850c\" style=\"margin-top:0.5em;margin-bottom:0.5em\">Parfaits pour l&rsquo;entra\u00eenement en solo, les comp\u00e9titions amicales ou m\u00eame l&rsquo;organisation d&rsquo;un petit tournoi, nos simulateurs Full Swing conviennent \u00e0 tous les niveaux de comp\u00e9tence. Vous pouvez m\u00eame personnaliser votre exp\u00e9rience pour vous concentrer sur le drive, le chipping ou le putting, ce qui en fait un endroit id\u00e9al pour les amateurs de golf qui cherchent \u00e0 am\u00e9liorer leur jeu ou simplement \u00e0 s&rsquo;amuser avec des amis.<\/p>\n\n\n\n<h5 class=\"wp-block-heading has-primary-color has-text-color has-link-color wp-elements-9279757098f4c77cc3a640ef311ac432\" style=\"margin-top:0.25em;margin-bottom:0.25em\">Ligues hebdomadaires<\/h5>\n\n\n\n<p class=\"has-foreground-color has-text-color has-link-color wp-elements-07ff16583641b1b0f99f1e79ae4aa13a\" style=\"margin-top:0.5em;margin-bottom:0.5em\">Vous recherchez une comp\u00e9tition amicale? Rejoignez nos ligues de golf hebdomadaires, o\u00f9 vous pourrez d\u00e9fier d&rsquo;autres joueurs, perfectionner vos comp\u00e9tences et profiter de la camaraderie d&rsquo;autres amateurs de golf. Que vous jouiez une partie d\u00e9contract\u00e9e avec des amis ou que vous participiez \u00e0 la ligue, chaque swing compte dans cet environnement amusant et d\u00e9contract\u00e9.<\/p>\n\n\n\n<p class=\"has-foreground-color has-text-color has-link-color wp-elements-698200a8e425d22b33cee82fb9238b43\" style=\"margin-top:0.5em;margin-bottom:0.5em\">Que vous recherchiez une petite ronde de plaisir ou un d\u00e9fi plus comp\u00e9titif, Chez Putters vous offre une exp\u00e9rience de pointe dans une ambiance id\u00e9ale. <\/p>\n\n\n\n<h4 class=\"wp-block-heading\">Golf ouvert tous les jours d\u00e8s 9h<\/h4>\n\n\n\n<p><strong><a href=\"tel:8195571188\">819 557-1188<\/a> | <a href=\"mailto:info@chezputters.ca\">info@chezputters.ca<\/a><\/strong><\/p>\n<\/div>\n<\/div>\n<\/div>\n<\/div>\n\n\n\n<div class=\"wp-block-group alignfull has-global-padding is-layout-constrained wp-container-core-group-is-layout-94664288 wp-block-group-is-layout-constrained\">\n<div class=\"wp-block-group alignwide has-global-padding is-layout-constrained wp-container-core-group-is-layout-3e3c10fd wp-block-group-is-layout-constrained\" style=\"margin-top:0;margin-bottom:0;padding-bottom:100px\">\n<div class=\"wp-block-columns is-layout-flex wp-container-core-columns-is-layout-92515837 wp-block-columns-is-layout-flex\">\n<div class=\"wp-block-column is-vertically-aligned-top has-global-padding is-content-justification-left is-layout-constrained wp-container-core-column-is-layout-12dd3699 wp-block-column-is-layout-constrained\">\n<h3 class=\"wp-block-heading has-text-align-left has-primary-color has-text-color has-suranna-font-family\" style=\"margin-top:0rem;margin-bottom:0rem;font-size:clamp(24.034px, 1.502rem + ((1vw - 3.2px) * 1.247), 40px);font-style:normal;font-weight:500;letter-spacing:0px;line-height:1.1\">Six tables prestigieuses pour des soir\u00e9es sensationnelles<\/h3>\n\n\n\n<hr class=\"wp-block-separator has-text-color has-alpha-channel-opacity has-background\" style=\"margin-top:var(--wp--preset--spacing--20);margin-bottom:var(--wp--preset--spacing--20);background-color:#16740e;color:#16740e\"\/>\n\n\n\n<p class=\"has-text-color has-link-color has-pontano-sans-font-family wp-elements-5555d1cfe1b8b1f3ee042f8d61bc35d1\" style=\"color:#000000;margin-top:0.5rem;margin-bottom:0.5rem;font-size:clamp(14px, 0.875rem + ((1vw - 3.2px) * 0.313), 18px);\">Venez vous divertir en jouant au billard tout en sirotant une bonne bi\u00e8re! Nous avons l&rsquo;endroit id\u00e9al \u00e0 Gatineau pour une soir\u00e9e de comp\u00e9tition amicale dans une ambiance d\u00e9contract\u00e9e. <\/p>\n\n\n\n<p class=\"has-foreground-color has-text-color has-link-color wp-elements-0650ec772a7b988579a40018f314dd65\" style=\"color:#000000;margin-top:0.5rem;margin-bottom:0.5rem;font-size:clamp(14px, 0.875rem + ((1vw - 3.2px) * 0.313), 18px);\">Sur place: 6 tables parfaitement nivel\u00e9es Brunswick Gold Crown recouvertes de la surface Simonis 860 Cloth et des boules Aramith vous permettent de vous amuser, peu importe votre niveau.<\/p>\n\n\n\n<p class=\"has-foreground-color has-text-color has-link-color wp-elements-4eb9a14b769019c9932e2faa3f17cf83\" style=\"color:#000000;margin-top:0.5rem;margin-bottom:0.5rem;font-size:clamp(14px, 0.875rem + ((1vw - 3.2px) * 0.313), 18px);\">M\u00eame l&rsquo;\u00e9clairage a \u00e9t\u00e9 bien pens\u00e9. L&rsquo;\u00e9clairage personnalis\u00e9 de 8 pieds avec lentilles paraboliques en forme de diamant r\u00e9partissent la lumi\u00e8re uniform\u00e9ment sur la table pour minimiser les ombres et maximiser votre exp\u00e9rience.<\/p>\n\n\n\n<h5 class=\"wp-block-heading has-primary-color has-text-color has-link-color wp-elements-9279757098f4c77cc3a640ef311ac432\" style=\"margin-top:0.25em;margin-bottom:0.25em\">Ligues hebdomadaires<\/h5>\n\n\n\n<p class=\"has-foreground-color has-text-color has-link-color wp-elements-43006bed1f1f74470f0b88ec91d377c0\" style=\"margin-top:0.5em;margin-bottom:0.5em\">Tous les mardis \u00e0 compter de 19h, les ligues hebdomadaires auxquelles vous pouvez participer, gagner des points et tester vos comp\u00e9tences dans un environnement comp\u00e9titif mais amusant.<\/p>\n\n\n\n<p class=\"has-foreground-color has-text-color has-link-color wp-elements-22a17e98a7c115ea2a655eeecff4e36f\" style=\"margin-top:0.5em;margin-bottom:0.5em\">Alors venez rejoindre vos amis et prenez un verre tout en passant un excellent moment. Chez Putters, l\u00e0 ou se rencontre la bonne compagnie!<\/p>\n\n\n\n<h4 class=\"wp-block-heading\">Billard ouvert tous les jours d\u00e8s 9h<\/h4>\n\n\n\n<p><strong><a href=\"tel:8195571188\">819 557-1188<\/a> | <a href=\"mailto:info@chezputters.ca\">info@chezputters.ca<\/a><\/strong><\/p>\n<\/div>\n\n\n\n<div class=\"wp-block-column is-layout-flow wp-block-column-is-layout-flow\">\n<figure class=\"wp-block-gallery has-nested-images columns-default is-cropped wp-block-gallery-1 is-layout-flex wp-block-gallery-is-layout-flex\">\n<figure class=\"wp-block-image size-large\"><img loading=\"lazy\" decoding=\"async\" width=\"1024\" height=\"683\" data-id=\"86\" src=\"https:\/\/chezputters.ca\/wp-content\/uploads\/2024\/10\/billard_pool_chez-putters_gatineau_3915-1024x683.jpg\" alt=\"\" class=\"wp-image-86\" srcset=\"https:\/\/chezputters.ca\/wp-content\/uploads\/2024\/10\/billard_pool_chez-putters_gatineau_3915-1024x683.jpg 1024w, https:\/\/chezputters.ca\/wp-content\/uploads\/2024\/10\/billard_pool_chez-putters_gatineau_3915-300x200.jpg 300w, https:\/\/chezputters.ca\/wp-content\/uploads\/2024\/10\/billard_pool_chez-putters_gatineau_3915-768x512.jpg 768w, https:\/\/chezputters.ca\/wp-content\/uploads\/2024\/10\/billard_pool_chez-putters_gatineau_3915.jpg 1200w\" sizes=\"auto, (max-width: 1024px) 100vw, 1024px\" \/><\/figure>\n<\/figure>\n\n\n\n<div style=\"height:20px\" aria-hidden=\"true\" class=\"wp-block-spacer\"><\/div>\n\n\n\n<figure class=\"wp-block-image size-full\"><img loading=\"lazy\" decoding=\"async\" width=\"1920\" height=\"1280\" src=\"https:\/\/chezputters.ca\/wp-content\/uploads\/2024\/10\/billard_pool_chez-putters_gatineau_3949.jpg\" alt=\"\" class=\"wp-image-122\" srcset=\"https:\/\/chezputters.ca\/wp-content\/uploads\/2024\/10\/billard_pool_chez-putters_gatineau_3949.jpg 1920w, https:\/\/chezputters.ca\/wp-content\/uploads\/2024\/10\/billard_pool_chez-putters_gatineau_3949-300x200.jpg 300w, https:\/\/chezputters.ca\/wp-content\/uploads\/2024\/10\/billard_pool_chez-putters_gatineau_3949-1024x683.jpg 1024w, https:\/\/chezputters.ca\/wp-content\/uploads\/2024\/10\/billard_pool_chez-putters_gatineau_3949-768x512.jpg 768w, https:\/\/chezputters.ca\/wp-content\/uploads\/2024\/10\/billard_pool_chez-putters_gatineau_3949-1536x1024.jpg 1536w\" sizes=\"auto, (max-width: 1920px) 100vw, 1920px\" \/><\/figure>\n<\/div>\n<\/div>\n\n\n\n<div class=\"wp-block-group alignwide has-global-padding is-layout-constrained wp-container-core-group-is-layout-1dd90a06 wp-block-group-is-layout-constrained\" style=\"margin-top:0;margin-bottom:0;padding-top:20px;padding-bottom:20px\">\n<div class=\"wp-block-columns is-layout-flex wp-container-core-columns-is-layout-92515837 wp-block-columns-is-layout-flex\">\n<div class=\"wp-block-column is-layout-flow wp-block-column-is-layout-flow\">\n<figure class=\"wp-block-image size-full\"><img loading=\"lazy\" decoding=\"async\" width=\"1280\" height=\"853\" src=\"https:\/\/chezputters.ca\/wp-content\/uploads\/2024\/10\/salle_darts_flechettes_chez-putters.jpg\" alt=\"\" class=\"wp-image-123\" srcset=\"https:\/\/chezputters.ca\/wp-content\/uploads\/2024\/10\/salle_darts_flechettes_chez-putters.jpg 1280w, https:\/\/chezputters.ca\/wp-content\/uploads\/2024\/10\/salle_darts_flechettes_chez-putters-300x200.jpg 300w, https:\/\/chezputters.ca\/wp-content\/uploads\/2024\/10\/salle_darts_flechettes_chez-putters-1024x682.jpg 1024w, https:\/\/chezputters.ca\/wp-content\/uploads\/2024\/10\/salle_darts_flechettes_chez-putters-768x512.jpg 768w\" sizes=\"auto, (max-width: 1280px) 100vw, 1280px\" \/><\/figure>\n\n\n\n<div style=\"height:10px\" aria-hidden=\"true\" class=\"wp-block-spacer\"><\/div>\n\n\n\n<figure class=\"wp-block-image size-full\"><img loading=\"lazy\" decoding=\"async\" width=\"1920\" height=\"1280\" src=\"https:\/\/chezputters.ca\/wp-content\/uploads\/2024\/10\/darts_flechettes_chez-putters_Gatineau_3712.jpg\" alt=\"\" class=\"wp-image-124\" srcset=\"https:\/\/chezputters.ca\/wp-content\/uploads\/2024\/10\/darts_flechettes_chez-putters_Gatineau_3712.jpg 1920w, https:\/\/chezputters.ca\/wp-content\/uploads\/2024\/10\/darts_flechettes_chez-putters_Gatineau_3712-300x200.jpg 300w, https:\/\/chezputters.ca\/wp-content\/uploads\/2024\/10\/darts_flechettes_chez-putters_Gatineau_3712-1024x683.jpg 1024w, https:\/\/chezputters.ca\/wp-content\/uploads\/2024\/10\/darts_flechettes_chez-putters_Gatineau_3712-768x512.jpg 768w, https:\/\/chezputters.ca\/wp-content\/uploads\/2024\/10\/darts_flechettes_chez-putters_Gatineau_3712-1536x1024.jpg 1536w\" sizes=\"auto, (max-width: 1920px) 100vw, 1920px\" \/><\/figure>\n<\/div>\n\n\n\n<div class=\"wp-block-column is-vertically-aligned-top has-global-padding is-content-justification-left is-layout-constrained wp-container-core-column-is-layout-12dd3699 wp-block-column-is-layout-constrained\">\n<h3 class=\"wp-block-heading has-text-align-left has-primary-color has-text-color has-suranna-font-family\" style=\"margin-top:0rem;margin-bottom:0rem;font-size:clamp(24.034px, 1.502rem + ((1vw - 3.2px) * 1.247), 40px);font-style:normal;font-weight:500;letter-spacing:0px;line-height:1.1\">Visez le plaisir, la victoire&#8230; ou encore mieux, les deux!<\/h3>\n\n\n\n<hr class=\"wp-block-separator has-text-color has-alpha-channel-opacity has-background\" style=\"margin-top:var(--wp--preset--spacing--20);margin-bottom:var(--wp--preset--spacing--20);background-color:#16740e;color:#16740e\"\/>\n\n\n\n<p class=\"has-foreground-color has-text-color has-link-color wp-elements-c24f9f4da2d55cde36e485f492801fdc\" style=\"margin-top:0.5em;margin-bottom:0.5em\">Fan de fl\u00e9chettes? Chez Putters a une des plus belles salles de Gatineau-Ottawa! Notre salle de fl\u00e9chettes d\u00e9di\u00e9e est enti\u00e8rement \u00e9quip\u00e9e pour les jeux occasionnels et les matchs comp\u00e9titifs, avec des cibles de fl\u00e9chettes de qualit\u00e9 sup\u00e9rieure et une atmosph\u00e8re accueillante. Que vous soyez un joueur chevronn\u00e9 ou d\u00e9butant, c&rsquo;est l&rsquo;endroit id\u00e9al pour perfectionner votre vis\u00e9e et passer un bon moment entre amis.<\/p>\n\n\n\n<h5 class=\"wp-block-heading has-primary-color has-text-color has-link-color wp-elements-9279757098f4c77cc3a640ef311ac432\" style=\"margin-top:0.25em;margin-bottom:0.25em\">Ligues hebdomadaires<\/h5>\n\n\n\n<p class=\"has-foreground-color has-text-color has-link-color wp-elements-4b5fff29db6081c3064d5bbb09597dec\" style=\"margin-top:0.5em;margin-bottom:0.5em\">Vous voulez faire passer votre jeu de fl\u00e9chettes au niveau sup\u00e9rieur? Inscrivez-vous \u00e0 nos ligues de fl\u00e9chettes hebdomadaires tous les jeudis ou organisez la v\u00f4tre! Affrontez d&rsquo;autres joueurs dans un environnement passionnant et social. Des d\u00e9fis en solo aux comp\u00e9titions par \u00e9quipes, nos ligues sont ouvertes aux joueurs de tous niveaux.<\/p>\n\n\n\n<p class=\"has-foreground-color has-text-color has-link-color wp-elements-44eb43b2ec04d5d394effa59be8027f8\" style=\"margin-top:0.5em;margin-bottom:0.5em\">Profitez du frisson des fl\u00e9chettes tout en sirotant vos boissons pr\u00e9f\u00e9r\u00e9es et en regardant des \u00e9v\u00e9nements sportifs en direct sur les grands \u00e9crans. Chez Putters, nous combinons des jeux formidables, une bonne ambiance et des gens formidables, faisant de chaque soir\u00e9e une exp\u00e9rience m\u00e9morable.<\/p>\n\n\n\n<h4 class=\"wp-block-heading\">Ouvert tous les jours d\u00e8s 9h<\/h4>\n\n\n\n<p><strong><a href=\"tel:8195571188\">819 557-1188<\/a> | <a href=\"mailto:info@chezputters.ca\">info@chezputters.ca<\/a><\/strong><\/p>\n<\/div>\n<\/div>\n<\/div>\n<\/div>\n<\/div>\n\n\n\n<section class=\"wp-block-cover alignfull\" style=\"margin-top:0px;padding-top:1.01rem;padding-bottom:1.01rem;min-height:430px;aspect-ratio:unset;\"><img loading=\"lazy\" decoding=\"async\" width=\"1800\" height=\"1200\" class=\"wp-block-cover__image-background wp-image-92\" alt=\"\" src=\"https:\/\/chezputters.ca\/wp-content\/uploads\/2024\/10\/pitchounettes-night-life_chez-putters.jpg\" style=\"object-position:48% 35%\" data-object-fit=\"cover\" data-object-position=\"48% 35%\" srcset=\"https:\/\/chezputters.ca\/wp-content\/uploads\/2024\/10\/pitchounettes-night-life_chez-putters.jpg 1800w, https:\/\/chezputters.ca\/wp-content\/uploads\/2024\/10\/pitchounettes-night-life_chez-putters-300x200.jpg 300w, https:\/\/chezputters.ca\/wp-content\/uploads\/2024\/10\/pitchounettes-night-life_chez-putters-1024x683.jpg 1024w, https:\/\/chezputters.ca\/wp-content\/uploads\/2024\/10\/pitchounettes-night-life_chez-putters-768x512.jpg 768w, https:\/\/chezputters.ca\/wp-content\/uploads\/2024\/10\/pitchounettes-night-life_chez-putters-1536x1024.jpg 1536w\" sizes=\"auto, (max-width: 1800px) 100vw, 1800px\" \/><span aria-hidden=\"true\" class=\"wp-block-cover__background has-background-dim-0 has-background-dim\" style=\"background-color:#edf1f2\"><\/span><div class=\"wp-block-cover__inner-container has-global-padding is-layout-constrained wp-container-core-cover-is-layout-b1bebcb3 wp-block-cover-is-layout-constrained\">\n<div class=\"wp-block-group has-text-color is-layout-flow wp-block-group-is-layout-flow\" style=\"color:#fffffd;margin-top:0px;padding-top:0rem;padding-right:1rem;padding-bottom:0rem;padding-left:1rem;font-size:clamp(0.875rem, 0.875rem + ((1vw - 0.2rem) * 0.319), 1.13rem);font-style:normal;font-weight:400;line-height:1.4\">\n<div class=\"wp-block-group has-global-padding is-layout-constrained wp-container-core-group-is-layout-4383d167 wp-block-group-is-layout-constrained\">\n<h2 class=\"wp-block-heading has-text-align-center has-text-color has-background\" style=\"color:#fffffd;background-color:#691a1a87;margin-bottom:0rem;font-size:clamp(1.507rem, 1.507rem + ((1vw - 0.2rem) * 1.254), 2.51rem);font-style:normal;font-weight:400;line-height:1.2\">On te fourni la place. Tu am\u00e8nes ton fun!<\/h2>\n<\/div>\n<\/div>\n<\/div><\/section>\n","protected":false},"excerpt":{"rendered":"<p>6 tables de billard, 2 simulateurs de golf et 9 jeux de fl\u00e9chettes Vivez l\u2019action du golf: Perfectionnez votre \u00e9lan gr\u00e2ce aux simulateurs Full Swing Entrez dans le monde du golf virtuel avec nos simulateurs Full Swing de pointe. Que vous soyez un golfeur chevronn\u00e9 ou d\u00e9butant, c&rsquo;est le moyen id\u00e9al de profiter du jeu [&hellip;]<\/p>\n","protected":false},"author":1,"featured_media":0,"parent":0,"menu_order":0,"comment_status":"closed","ping_status":"closed","template":"","meta":{"footnotes":""},"class_list":["post-51","page","type-page","status-publish","hentry"],"_links":{"self":[{"href":"https:\/\/chezputters.ca\/fr\/wp-json\/wp\/v2\/pages\/51","targetHints":{"allow":["GET"]}}],"collection":[{"href":"https:\/\/chezputters.ca\/fr\/wp-json\/wp\/v2\/pages"}],"about":[{"href":"https:\/\/chezputters.ca\/fr\/wp-json\/wp\/v2\/types\/page"}],"author":[{"embeddable":true,"href":"https:\/\/chezputters.ca\/fr\/wp-json\/wp\/v2\/users\/1"}],"replies":[{"embeddable":true,"href":"https:\/\/chezputters.ca\/fr\/wp-json\/wp\/v2\/comments?post=51"}],"version-history":[{"count":31,"href":"https:\/\/chezputters.ca\/fr\/wp-json\/wp\/v2\/pages\/51\/revisions"}],"predecessor-version":[{"id":371,"href":"https:\/\/chezputters.ca\/fr\/wp-json\/wp\/v2\/pages\/51\/revisions\/371"}],"wp:attachment":[{"href":"https:\/\/chezputters.ca\/fr\/wp-json\/wp\/v2\/media?parent=51"}],"curies":[{"name":"wp","href":"https:\/\/api.w.org\/{rel}","templated":true}]}}