{"id":53,"date":"2024-10-24T17:04:56","date_gmt":"2024-10-24T17:04:56","guid":{"rendered":"https:\/\/chezputters.ca\/?page_id=53"},"modified":"2025-09-10T22:39:13","modified_gmt":"2025-09-10T22:39:13","slug":"divertissement","status":"publish","type":"page","link":"https:\/\/chezputters.ca\/fr\/divertissement\/","title":{"rendered":"Divertissement"},"content":{"rendered":"\n<div class=\"wp-block-group alignfull has-global-padding is-layout-constrained wp-container-core-group-is-layout-94664288 wp-block-group-is-layout-constrained\">\n<div class=\"wp-block-group alignwide has-global-padding is-layout-constrained wp-container-core-group-is-layout-dad3217d wp-block-group-is-layout-constrained\" style=\"margin-top:0;margin-bottom:0;padding-top:5px;padding-bottom:5px\">\n<div class=\"wp-block-columns is-layout-flex wp-container-core-columns-is-layout-42c14228 wp-block-columns-is-layout-flex\" style=\"padding-top:0;padding-bottom:0\">\n<div class=\"wp-block-column is-layout-flow wp-block-column-is-layout-flow\">\n<figure class=\"wp-block-image alignleft size-full\"><img loading=\"lazy\" decoding=\"async\" width=\"1200\" height=\"800\" src=\"https:\/\/chezputters.ca\/wp-content\/uploads\/2025\/07\/Musique-live_chez-putters_3985.jpg\" alt=\"\" class=\"wp-image-333\" style=\"aspect-ratio:4\/3;object-fit:cover\" srcset=\"https:\/\/chezputters.ca\/wp-content\/uploads\/2025\/07\/Musique-live_chez-putters_3985.jpg 1200w, https:\/\/chezputters.ca\/wp-content\/uploads\/2025\/07\/Musique-live_chez-putters_3985-300x200.jpg 300w, https:\/\/chezputters.ca\/wp-content\/uploads\/2025\/07\/Musique-live_chez-putters_3985-1024x683.jpg 1024w, https:\/\/chezputters.ca\/wp-content\/uploads\/2025\/07\/Musique-live_chez-putters_3985-768x512.jpg 768w, https:\/\/chezputters.ca\/wp-content\/uploads\/2025\/07\/Musique-live_chez-putters_3985-18x12.jpg 18w\" sizes=\"auto, (max-width: 1200px) 100vw, 1200px\" \/><\/figure>\n<\/div>\n\n\n\n<div class=\"wp-block-column is-vertically-aligned-top has-global-padding is-content-justification-left is-layout-constrained wp-container-core-column-is-layout-12dd3699 wp-block-column-is-layout-constrained\">\n<h3 class=\"wp-block-heading has-text-align-left has-primary-color has-text-color has-suranna-font-family\" style=\"margin-top:0rem;margin-right:0;margin-bottom:0rem;margin-left:0;font-size:clamp(24.034px, 1.502rem + ((1vw - 3.2px) * 1.247), 40px);font-style:normal;font-weight:500;letter-spacing:0px;line-height:1.1\">Musique live<\/h3>\n\n\n\n<hr class=\"wp-block-separator has-alpha-channel-opacity\" style=\"margin-top:var(--wp--preset--spacing--20);margin-bottom:var(--wp--preset--spacing--20)\"\/>\n\n\n\n<p class=\"has-text-color has-link-color has-pontano-sans-font-family wp-elements-07e13661ee24ec9b3cd6c18353f45fc2\" style=\"color:#000000;margin-top:0.5em;margin-bottom:0.5em;font-size:clamp(14px, 0.875rem + ((1vw - 3.2px) * 0.313), 18px);\">Chez Putters, nous ne vous proposons pas seulement le meilleur du sport mais \u00e9galement le meilleur du divertissement live! Rejoignez-nous pour les soir\u00e9es musicales en direct, o\u00f9 des talents locaux et des groupes prometteurs montent sur sc\u00e8ne pour cr\u00e9er l&rsquo;a bande-son&rsquo;ambiance parfaite pour votre soir\u00e9e. Que vous aimiez le rock, la pop, la country ou l&rsquo;indie, notre programmation diversifi\u00e9e a quelque chose \u00e0 offrir \u00e0 chacun.<\/p>\n\n\n\n<p class=\"has-foreground-color has-text-color has-link-color wp-elements-19d1cf79e7abaeee1f589dcb473d3014\" style=\"margin-top:0.5em;margin-bottom:0.5em\">Notre bar spacieux est l&rsquo;endroit id\u00e9al pour se d\u00e9tendre entre amis, prendre une bi\u00e8re fra\u00eeche et profiter d&rsquo;une excellente musique dans une ambiance anim\u00e9e. Regardez votre match pr\u00e9f\u00e9r\u00e9 sur l&rsquo;un de nos grands \u00e9crans et gardez l&rsquo;\u00e9nergie \u00e0 son max avec une performance live qui vous fera taper du pied toute la nuit.<\/p>\n\n\n\n<p><a href=\"https:\/\/chezputters.ca\/galerie\/\" data-type=\"page\" data-id=\"11\">Voir photos des spectacles pr\u00e9c\u00e9dents<\/a><\/p>\n<\/div>\n<\/div>\n\n\n\n<div style=\"height:10px\" aria-hidden=\"true\" class=\"wp-block-spacer\"><\/div>\n<\/div>\n<\/div>\n\n\n\n<div class=\"wp-block-group alignfull has-global-padding is-layout-constrained wp-container-core-group-is-layout-94664288 wp-block-group-is-layout-constrained\">\n<div class=\"wp-block-group alignwide has-global-padding is-layout-constrained wp-container-core-group-is-layout-4f90df7b wp-block-group-is-layout-constrained\" style=\"margin-top:0;margin-bottom:0;padding-bottom:5px\">\n<div class=\"wp-block-columns is-layout-flex wp-container-core-columns-is-layout-92515837 wp-block-columns-is-layout-flex\">\n<div class=\"wp-block-column is-vertically-aligned-top has-global-padding is-content-justification-left is-layout-constrained wp-container-core-column-is-layout-12dd3699 wp-block-column-is-layout-constrained\">\n<h3 class=\"wp-block-heading has-text-align-left has-primary-color has-text-color has-suranna-font-family\" style=\"margin-top:0rem;margin-bottom:0rem;font-size:clamp(24.034px, 1.502rem + ((1vw - 3.2px) * 1.247), 40px);font-style:normal;font-weight:500;letter-spacing:0px;line-height:1.1\">Soir\u00e9es d&rsquo;humour<\/h3>\n\n\n\n<h4 class=\"wp-block-heading has-text-align-left\" style=\"margin-top:0.5em;margin-bottom:0.5em\">Rires, boissons et beaucoup de fun!<\/h4>\n\n\n\n<hr class=\"wp-block-separator has-alpha-channel-opacity\" style=\"margin-top:var(--wp--preset--spacing--20);margin-bottom:var(--wp--preset--spacing--20)\"\/>\n\n\n\n<p class=\"has-text-color has-link-color has-pontano-sans-font-family wp-elements-9fe2ec5a3f55492cef1a88c735c2c65c\" style=\"color:#000000;margin-top:0.5em;margin-bottom:0.5em;font-size:clamp(14px, 0.875rem + ((1vw - 3.2px) * 0.313), 18px);\">Vous cherchez une soir\u00e9e de rires non-stop? Chez Putters vous propose des soir\u00e9es de com\u00e9dies stand-up live! Nous accueillons les meilleurs com\u00e9diens locaux et en tourn\u00e9e sur notre sc\u00e8ne pour une soir\u00e9e de blagues, d&rsquo;esprit vif et de fous rires.<\/p>\n\n\n\n<p class=\"has-foreground-color has-text-color has-link-color wp-elements-b5043e60e6798b95482bc89822c86955\" style=\"margin-top:0.5em;margin-bottom:0.5em\">Profitez d&rsquo;une atmosph\u00e8re d\u00e9contract\u00e9e o\u00f9 vous pourrez siroter vos boissons pr\u00e9f\u00e9r\u00e9es, commander une petite bouffe et profiter du spectacle entre amis. Que vous recherchiez une soir\u00e9e en amoureux d\u00e9contract\u00e9e ou une sortie de groupe amusante, nos soir\u00e9es humoristiques vous promettent de grands \u00e9clats de rire et des moments inoubliables.<\/p>\n\n\n\n<p class=\"has-foreground-color has-text-color has-link-color wp-elements-cd38ccc00dc9ff717eefddf38626a9f2\" style=\"margin-top:0.5em;margin-bottom:0.5em\">Notre bar sportif est connu pour son ambiance conviviale, son service de premier ordre et, bien s\u00fbr, le meilleur du sport en direct, mais nos soir\u00e9es humoristiques apportent un tout nouveau niveau de divertissement. Avec des programmations r\u00e9guli\u00e8res mettant en vedette des \u00e9toiles montantes et des professionnels chevronn\u00e9s, il y a toujours de quoi rire Chez Putters.<\/p>\n<\/div>\n\n\n\n<div class=\"wp-block-column is-layout-flow wp-block-column-is-layout-flow\" style=\"border-style:none;border-width:0px\">\n<figure class=\"wp-block-image alignleft size-full is-resized\"><img loading=\"lazy\" decoding=\"async\" width=\"1702\" height=\"1276\" src=\"https:\/\/chezputters.ca\/wp-content\/uploads\/2025\/07\/comedie_stand-up_chez-putters_gatineau-1.jpg\" alt=\"\" class=\"wp-image-339\" style=\"object-fit:cover;width:685px;height:auto\" srcset=\"https:\/\/chezputters.ca\/wp-content\/uploads\/2025\/07\/comedie_stand-up_chez-putters_gatineau-1.jpg 1702w, https:\/\/chezputters.ca\/wp-content\/uploads\/2025\/07\/comedie_stand-up_chez-putters_gatineau-1-300x225.jpg 300w, https:\/\/chezputters.ca\/wp-content\/uploads\/2025\/07\/comedie_stand-up_chez-putters_gatineau-1-1024x768.jpg 1024w, https:\/\/chezputters.ca\/wp-content\/uploads\/2025\/07\/comedie_stand-up_chez-putters_gatineau-1-768x576.jpg 768w, https:\/\/chezputters.ca\/wp-content\/uploads\/2025\/07\/comedie_stand-up_chez-putters_gatineau-1-1536x1152.jpg 1536w, https:\/\/chezputters.ca\/wp-content\/uploads\/2025\/07\/comedie_stand-up_chez-putters_gatineau-1-16x12.jpg 16w\" sizes=\"auto, (max-width: 1702px) 100vw, 1702px\" \/><\/figure>\n\n\n\n<div style=\"height:10px\" aria-hidden=\"true\" class=\"wp-block-spacer\"><\/div>\n\n\n\n<p><strong><a href=\"tel:8195571188\">819 557-1188<\/a> | <a href=\"mailto:info@chezputters.ca\">info@chezputters.ca<\/a><\/strong><\/p>\n<\/div>\n<\/div>\n<\/div>\n<\/div>\n\n\n\n<div style=\"height:10px\" aria-hidden=\"true\" class=\"wp-block-spacer\"><\/div>\n\n\n\n<h2 class=\"wp-block-heading has-primary-color has-text-color has-link-color wp-elements-bf981e7e12dc320f76ace3eb9190a4ad\" style=\"padding-top:0;padding-right:var(--wp--preset--spacing--30);padding-bottom:0;padding-left:var(--wp--preset--spacing--30)\">Hold&#8217;em poker et section d\u00e9di\u00e9e pour appareils de loterie vid\u00e9o &#8211; 18 ans et plus<\/h2>\n\n\n\n<div class=\"wp-block-group alignfull has-global-padding is-layout-constrained wp-container-core-group-is-layout-94664288 wp-block-group-is-layout-constrained\">\n<div class=\"wp-block-group alignwide has-global-padding is-layout-constrained wp-container-core-group-is-layout-dad3217d wp-block-group-is-layout-constrained\" style=\"margin-top:0;margin-bottom:0;padding-top:5px;padding-bottom:5px\">\n<div class=\"wp-block-columns is-layout-flex wp-container-core-columns-is-layout-92515837 wp-block-columns-is-layout-flex\">\n<div class=\"wp-block-column is-layout-flow wp-block-column-is-layout-flow\">\n<figure class=\"wp-block-image size-full\"><img loading=\"lazy\" decoding=\"async\" width=\"1200\" height=\"800\" src=\"https:\/\/chezputters.ca\/wp-content\/uploads\/2024\/10\/soirees-poker-night_chez-putters_gatineau.jpg\" alt=\"\" class=\"wp-image-104\" srcset=\"https:\/\/chezputters.ca\/wp-content\/uploads\/2024\/10\/soirees-poker-night_chez-putters_gatineau.jpg 1200w, https:\/\/chezputters.ca\/wp-content\/uploads\/2024\/10\/soirees-poker-night_chez-putters_gatineau-300x200.jpg 300w, https:\/\/chezputters.ca\/wp-content\/uploads\/2024\/10\/soirees-poker-night_chez-putters_gatineau-1024x683.jpg 1024w, https:\/\/chezputters.ca\/wp-content\/uploads\/2024\/10\/soirees-poker-night_chez-putters_gatineau-768x512.jpg 768w\" sizes=\"auto, (max-width: 1200px) 100vw, 1200px\" \/><\/figure>\n\n\n\n<div style=\"height:20px\" aria-hidden=\"true\" class=\"wp-block-spacer\"><\/div>\n\n\n\n<figure class=\"wp-block-image size-full\"><img loading=\"lazy\" decoding=\"async\" width=\"1200\" height=\"797\" src=\"https:\/\/chezputters.ca\/wp-content\/uploads\/2024\/10\/soirees-poker-night_chez-putters_gatineau_4as.jpg\" alt=\"\" class=\"wp-image-105\" srcset=\"https:\/\/chezputters.ca\/wp-content\/uploads\/2024\/10\/soirees-poker-night_chez-putters_gatineau_4as.jpg 1200w, https:\/\/chezputters.ca\/wp-content\/uploads\/2024\/10\/soirees-poker-night_chez-putters_gatineau_4as-300x199.jpg 300w, https:\/\/chezputters.ca\/wp-content\/uploads\/2024\/10\/soirees-poker-night_chez-putters_gatineau_4as-1024x680.jpg 1024w, https:\/\/chezputters.ca\/wp-content\/uploads\/2024\/10\/soirees-poker-night_chez-putters_gatineau_4as-768x510.jpg 768w\" sizes=\"auto, (max-width: 1200px) 100vw, 1200px\" \/><\/figure>\n<\/div>\n\n\n\n<div class=\"wp-block-column is-vertically-aligned-top has-global-padding is-content-justification-left is-layout-constrained wp-container-core-column-is-layout-12dd3699 wp-block-column-is-layout-constrained\">\n<h3 class=\"wp-block-heading has-text-align-left has-primary-color has-text-color has-suranna-font-family\" style=\"margin-top:0rem;margin-bottom:0rem;font-size:clamp(24.034px, 1.502rem + ((1vw - 3.2px) * 1.247), 40px);font-style:normal;font-weight:500;letter-spacing:0px;line-height:1.1\">Ligue Pur Poker tous les mercredis et dimanches Chez Putters<\/h3>\n\n\n\n<hr class=\"wp-block-separator has-alpha-channel-opacity\" style=\"margin-top:var(--wp--preset--spacing--20);margin-bottom:var(--wp--preset--spacing--20)\"\/>\n\n\n\n<p class=\"has-foreground-color has-text-color has-link-color wp-elements-12243089caa250ff1a755c12bde6a7bc\" style=\"margin-top:0.5em;margin-bottom:0.5em\">Vous cherchez des sensations fortes en milieu de semaine ou une confrontation le weekend? Amenez-vous Chez Putters pour du poker Hold&#8217;em organis\u00e9e par la ligue Pur Poker.<\/p>\n\n\n\n<h5 class=\"wp-block-heading has-primary-color has-text-color has-link-color wp-elements-919a758f4c78b97218f8d20ff9b9d0f6\" style=\"margin-top:0.25em;margin-bottom:0.25em\">Ligue hebdomadaire<\/h5>\n\n\n\n<p style=\"margin-top:0.5em;margin-bottom:0.5em\"><strong>Mercredis \u00e0 19h et dimanches \u00e0 13h + tournois mensuels<\/strong><\/p>\n\n\n\n<div class=\"wp-block-columns is-layout-flex wp-container-core-columns-is-layout-28f84493 wp-block-columns-is-layout-flex\">\n<div class=\"wp-block-column is-layout-flow wp-block-column-is-layout-flow\">\n<div class=\"wp-block-buttons is-layout-flex wp-block-buttons-is-layout-flex\">\n<div class=\"wp-block-button has-custom-width wp-block-button__width-100 is-style-fill\"><a class=\"wp-block-button__link has-text-color has-background has-border-color has-pontano-sans-font-family has-custom-font-size wp-element-button\" href=\"https:\/\/purpoker.ca\/etablissements\/chez-putters#\" style=\"border-color:#000000;border-width:2px;border-radius:0rem;color:#fffffd;background:radial-gradient(rgb(139,227,7) 0%,rgb(61,100,19) 100%);padding-top:0.71rem;padding-right:var(--wp--preset--spacing--50);padding-bottom:0.71rem;padding-left:var(--wp--preset--spacing--50);font-size:clamp(0.875rem, 0.875rem + ((1vw - 0.2rem) * 0.531), 1.3rem);font-style:normal;font-weight:600;letter-spacing:0px;line-height:1.6;text-transform:none\" target=\"_blank\" rel=\"noreferrer noopener\"><strong>Horaire<\/strong><\/a><\/div>\n<\/div>\n<\/div>\n\n\n\n<div class=\"wp-block-column is-layout-flow wp-block-column-is-layout-flow\">\n<div class=\"wp-block-buttons is-layout-flex wp-block-buttons-is-layout-flex\">\n<div class=\"wp-block-button has-custom-width wp-block-button__width-100 is-style-fill\"><a class=\"wp-block-button__link has-text-color has-background has-border-color has-pontano-sans-font-family has-custom-font-size wp-element-button\" href=\"https:\/\/purpoker.ca\/etablissements\/chez-putters\/classement\" style=\"border-color:#000000;border-width:2px;border-radius:0rem;color:#fffffd;background:radial-gradient(rgb(139,227,7) 0%,rgb(61,100,19) 100%);padding-top:0.71rem;padding-right:var(--wp--preset--spacing--50);padding-bottom:0.71rem;padding-left:var(--wp--preset--spacing--50);font-size:clamp(0.875rem, 0.875rem + ((1vw - 0.2rem) * 0.531), 1.3rem);font-style:normal;font-weight:600;letter-spacing:0px;line-height:1.6;text-transform:none\" target=\"_blank\" rel=\"noreferrer noopener\"><strong>Classement<\/strong><\/a><\/div>\n<\/div>\n<\/div>\n<\/div>\n\n\n\n<p class=\"has-foreground-color has-text-color has-link-color wp-elements-4f9af8de412533702d47cd94aebf5037\" style=\"margin-top:0.5em;margin-bottom:0.5em\">Que vous soyez un joueur chevronn\u00e9 ou d\u00e9butant, nos ligues de poker offrent une atmosph\u00e8re amusante et comp\u00e9titive avec de gros enjeux et une compagnie encore meilleure.<\/p>\n\n\n\n<p class=\"has-foreground-color has-text-color has-link-color wp-elements-3e4501df691e78039382781925381d1c\" style=\"margin-top:0.5em;margin-bottom:0.5em\">Mettez vos comp\u00e9tences \u00e0 l&rsquo;\u00e9preuve contre d&rsquo;autres passionn\u00e9s de poker et progressez dans le classement pour avoir une chance de remporter de gros prix et de vous vanter. Notre environnement convivial en fait l&rsquo;endroit id\u00e9al pour profiter de quelques verres, d&rsquo;une excellente cuisine et de mains de poker palpitantes.<\/p>\n\n\n\n<p><strong>819 557-1188<\/strong> | <a href=\"mailto:info@chezputters.ca\">info@chezputters.ca<\/a><\/p>\n<\/div>\n<\/div>\n<\/div>\n<\/div>\n\n\n\n<div class=\"wp-block-group alignfull has-global-padding is-layout-constrained wp-container-core-group-is-layout-94664288 wp-block-group-is-layout-constrained\">\n<div class=\"wp-block-group alignwide has-global-padding is-layout-constrained wp-container-core-group-is-layout-3e3c10fd wp-block-group-is-layout-constrained\" style=\"min-height:%;margin-top:0;margin-bottom:0;padding-bottom:100px\">\n<div class=\"wp-block-columns is-layout-flex wp-container-core-columns-is-layout-82db4e0d wp-block-columns-is-layout-flex\">\n<div class=\"wp-block-column is-vertically-aligned-top has-global-padding is-content-justification-left is-layout-constrained wp-container-core-column-is-layout-12dd3699 wp-block-column-is-layout-constrained\">\n<h3 class=\"wp-block-heading has-text-align-left has-primary-color has-text-color has-suranna-font-family\" style=\"margin-top:0rem;margin-bottom:0rem;font-size:clamp(24.034px, 1.502rem + ((1vw - 3.2px) * 1.247), 40px);font-style:normal;font-weight:500;letter-spacing:0px;line-height:1.1\">Bar et loterie vid\u00e9o (18 ans ou plus)<\/h3>\n\n\n\n<h4 class=\"wp-block-heading has-text-align-left has-foreground-color has-text-color has-link-color wp-elements-53dacaf04131cb45d9d9ece703e19ecf\">D\u00e9tente et jeu responsable<\/h4>\n\n\n\n<p class=\"has-text-color has-link-color has-pontano-sans-font-family wp-elements-341c62aab892beeef4cb5c2b2f7b6f15\" style=\"color:#000000;margin-top:0.5em;margin-bottom:0.5em;font-size:clamp(14px, 0.875rem + ((1vw - 3.2px) * 0.313), 18px);\">Chez Putters combine une s\u00e9lection vari\u00e9e de bi\u00e8res. vins set spiritueux avec une section d\u00e9di\u00e9e aux appareils de loterie vid\u00e9o dans une ambiance d\u00e9contract\u00e9e. Divertissez-vous tout en savourant votre boisson de choix dans notre espace de jeu offrant une vari\u00e9t\u00e9 d&rsquo;appareils de loterie vid\u00e9o.<\/p>\n\n\n\n<p style=\"text-decoration:none\"><a href=\"http:\/\/loterievideo.lotoquebec.com\/\" target=\"_blank\" rel=\"noreferrer noopener\"><strong>En savoir plus sur la loterie vid\u00e9o de Loto Qu\u00e9bec<\/strong><\/a><\/p>\n\n\n\n<hr class=\"wp-block-separator has-alpha-channel-opacity\" style=\"margin-top:var(--wp--preset--spacing--20);margin-bottom:var(--wp--preset--spacing--20)\"\/>\n\n\n\n<p class=\"has-foreground-color has-text-color has-link-color wp-elements-57c0faa7ce285244e3147b8e391d3d85\" style=\"margin-top:0.5em;margin-bottom:0.5em\">Lorsque vous \u00eates pr\u00eat pour une pause, retournez vous; vous \u00eates \u00e0 quelques pas du bar o\u00f9 vous pourrez regarder vos sports pr\u00e9f\u00e9r\u00e9s&nbsp;tout en profitant de votre boisson pr\u00e9f\u00e9r\u00e9e et d&rsquo;un petit plat de notre chef. Prenez une bi\u00e8re fra\u00eeche, en f\u00fbt ou en bouteille, un cocktail rafra\u00eechissant ou l&rsquo;une de nos bouch\u00e9es combos comme des ailes, des nachos ou des hamburgers et installez-vous pour passer un bon moment.<\/p>\n\n\n\n<h4 class=\"wp-block-heading\">Ouvert tous les jours d\u00e8s 9h<\/h4>\n\n\n\n<p><strong>819 557-1188<\/strong> | <a href=\"mailto:info@chezputters.ca\">info@chezputters.ca<\/a><\/p>\n<\/div>\n\n\n\n<div class=\"wp-block-column is-layout-flow wp-block-column-is-layout-flow\">\n<figure class=\"wp-block-gallery has-nested-images columns-default is-cropped wp-block-gallery-1 is-layout-flex wp-block-gallery-is-layout-flex\">\n<figure class=\"wp-block-image size-full\"><img loading=\"lazy\" decoding=\"async\" width=\"960\" height=\"640\" data-id=\"245\" src=\"https:\/\/chezputters.ca\/wp-content\/uploads\/2025\/02\/Bar-et-loterie-video_4378.jpg\" alt=\"\" class=\"wp-image-245\" srcset=\"https:\/\/chezputters.ca\/wp-content\/uploads\/2025\/02\/Bar-et-loterie-video_4378.jpg 960w, https:\/\/chezputters.ca\/wp-content\/uploads\/2025\/02\/Bar-et-loterie-video_4378-300x200.jpg 300w, https:\/\/chezputters.ca\/wp-content\/uploads\/2025\/02\/Bar-et-loterie-video_4378-768x512.jpg 768w, https:\/\/chezputters.ca\/wp-content\/uploads\/2025\/02\/Bar-et-loterie-video_4378-18x12.jpg 18w\" sizes=\"auto, (max-width: 960px) 100vw, 960px\" \/><\/figure>\n<\/figure>\n\n\n\n<div style=\"height:20px\" aria-hidden=\"true\" class=\"wp-block-spacer\"><\/div>\n\n\n\n<figure class=\"wp-block-image size-full\"><img loading=\"lazy\" decoding=\"async\" width=\"1080\" height=\"720\" src=\"https:\/\/chezputters.ca\/wp-content\/uploads\/2024\/10\/night-life_chez-putters_4350.jpg\" alt=\"\" class=\"wp-image-74\" srcset=\"https:\/\/chezputters.ca\/wp-content\/uploads\/2024\/10\/night-life_chez-putters_4350.jpg 1080w, https:\/\/chezputters.ca\/wp-content\/uploads\/2024\/10\/night-life_chez-putters_4350-300x200.jpg 300w, https:\/\/chezputters.ca\/wp-content\/uploads\/2024\/10\/night-life_chez-putters_4350-1024x683.jpg 1024w, https:\/\/chezputters.ca\/wp-content\/uploads\/2024\/10\/night-life_chez-putters_4350-768x512.jpg 768w\" sizes=\"auto, (max-width: 1080px) 100vw, 1080px\" \/><\/figure>\n<\/div>\n<\/div>\n<\/div>\n<\/div>\n\n\n\n<section class=\"wp-block-cover alignfull\" style=\"margin-top:30px;padding-top:0rem;padding-bottom:0rem;min-height:430px;aspect-ratio:unset;\"><img loading=\"lazy\" decoding=\"async\" width=\"1024\" height=\"683\" class=\"wp-block-cover__image-background wp-image-92 size-large\" alt=\"\" src=\"https:\/\/chezputters.ca\/wp-content\/uploads\/2024\/10\/pitchounettes-night-life_chez-putters-1024x683.jpg\" style=\"object-position:48% 42%\" data-object-fit=\"cover\" data-object-position=\"48% 42%\" srcset=\"https:\/\/chezputters.ca\/wp-content\/uploads\/2024\/10\/pitchounettes-night-life_chez-putters-1024x683.jpg 1024w, https:\/\/chezputters.ca\/wp-content\/uploads\/2024\/10\/pitchounettes-night-life_chez-putters-300x200.jpg 300w, https:\/\/chezputters.ca\/wp-content\/uploads\/2024\/10\/pitchounettes-night-life_chez-putters-768x512.jpg 768w, https:\/\/chezputters.ca\/wp-content\/uploads\/2024\/10\/pitchounettes-night-life_chez-putters-1536x1024.jpg 1536w, https:\/\/chezputters.ca\/wp-content\/uploads\/2024\/10\/pitchounettes-night-life_chez-putters.jpg 1800w\" sizes=\"auto, (max-width: 1024px) 100vw, 1024px\" \/><span aria-hidden=\"true\" class=\"wp-block-cover__background has-background-dim-0 has-background-dim\" style=\"background-color:#edf1f2\"><\/span><div class=\"wp-block-cover__inner-container has-global-padding is-layout-constrained wp-container-core-cover-is-layout-3c69a3ab wp-block-cover-is-layout-constrained\">\n<div class=\"wp-block-group has-text-color is-layout-flow wp-block-group-is-layout-flow\" style=\"color:#fffffd;margin-top:0px;padding-top:0rem;padding-right:1rem;padding-bottom:0rem;padding-left:1rem;font-size:clamp(0.875rem, 0.875rem + ((1vw - 0.2rem) * 0.319), 1.13rem);font-style:normal;font-weight:400;line-height:1.4\">\n<div class=\"wp-block-group has-global-padding is-layout-constrained wp-container-core-group-is-layout-4383d167 wp-block-group-is-layout-constrained\">\n<h2 class=\"wp-block-heading has-text-align-center has-text-color has-background\" style=\"color:#fffffd;background-color:#691a1a87;margin-bottom:0rem;font-size:clamp(1.507rem, 1.507rem + ((1vw - 0.2rem) * 1.254), 2.51rem);font-style:normal;font-weight:400;line-height:1.2\">On te fourni la place. Tu am\u00e8nes ton fun!<\/h2>\n<\/div>\n<\/div>\n<\/div><\/section>\n","protected":false},"excerpt":{"rendered":"<p>Musique live Chez Putters, nous ne vous proposons pas seulement le meilleur du sport mais \u00e9galement le meilleur du divertissement live! Rejoignez-nous pour les soir\u00e9es musicales en direct, o\u00f9 des talents locaux et des groupes prometteurs montent sur sc\u00e8ne pour cr\u00e9er l&rsquo;a bande-son&rsquo;ambiance parfaite pour votre soir\u00e9e. Que vous aimiez le rock, la pop, la [&hellip;]<\/p>\n","protected":false},"author":1,"featured_media":0,"parent":0,"menu_order":0,"comment_status":"closed","ping_status":"closed","template":"","meta":{"footnotes":""},"class_list":["post-53","page","type-page","status-publish","hentry"],"_links":{"self":[{"href":"https:\/\/chezputters.ca\/fr\/wp-json\/wp\/v2\/pages\/53","targetHints":{"allow":["GET"]}}],"collection":[{"href":"https:\/\/chezputters.ca\/fr\/wp-json\/wp\/v2\/pages"}],"about":[{"href":"https:\/\/chezputters.ca\/fr\/wp-json\/wp\/v2\/types\/page"}],"author":[{"embeddable":true,"href":"https:\/\/chezputters.ca\/fr\/wp-json\/wp\/v2\/users\/1"}],"replies":[{"embeddable":true,"href":"https:\/\/chezputters.ca\/fr\/wp-json\/wp\/v2\/comments?post=53"}],"version-history":[{"count":60,"href":"https:\/\/chezputters.ca\/fr\/wp-json\/wp\/v2\/pages\/53\/revisions"}],"predecessor-version":[{"id":397,"href":"https:\/\/chezputters.ca\/fr\/wp-json\/wp\/v2\/pages\/53\/revisions\/397"}],"wp:attachment":[{"href":"https:\/\/chezputters.ca\/fr\/wp-json\/wp\/v2\/media?parent=53"}],"curies":[{"name":"wp","href":"https:\/\/api.w.org\/{rel}","templated":true}]}}